{"id":78,"date":"2013-07-23T11:01:29","date_gmt":"2013-07-23T10:01:29","guid":{"rendered":"http:\/\/www.solskiekovrt.si\/?page_id=78"},"modified":"2025-11-22T18:56:11","modified_gmt":"2025-11-22T17:56:11","slug":"kdo-sodeluje","status":"publish","type":"page","link":"https:\/\/www.solskiekovrt.si\/en\/o-programu\/kdo-sodeluje\/","title":{"rendered":"Kdo sodeluje?"},"content":{"rendered":"<h3><span style=\"color: #99cc00;\">Kaj je mre\u017ea \u0161olskih ekovrtov?<\/span><\/h3>\n<p><strong> Mre\u017ea \u0161olskih ekovrtov<\/strong> je povezava osnovnih in srednjih \u0161ol, vrtcev, dija\u0161kih domov in drugih, ki so se zaradi svojega zanimanja za razvoj ekovrta vklju\u010dili v <strong>program &#8220;\u0160olski ekovrt&#8221;<\/strong>.<\/p>\n<p>Vklju\u010ditev v projekt, kasneje v program oziroma v mre\u017eo <strong>omogo\u010da dejavno sodelovanje<\/strong>: udele\u017ebo na seminarjih in delavnicah, strokovno podporo pri na\u010drtovanju vrta in delu v njem in z njim, izmenjavo izku\u0161enj s kolegi z drugih ustanov in \u0161e ve\u010d (glej <a href=\"http:\/\/www.solskiekovrt.si\/en\/?page_id=52\" target=\"_blank\" rel=\"noopener\">tukaj<\/a>).<\/p>\n<p>Mre\u017ea \u0161olskih ekovrtov je tudi \u010dudovita prilo\u017enost, da se predstavite in pohvalite s svojim delom \u2013 tudi na tem spletnem portalu. Prek nje se lahko spoznate med seboj ali pa poglobite svoje znanje, pridobite morebitne nove informacije, podelite dragocene \u00bbvrtnarske\u00ab in vzgojno-izobra\u017eevalne izku\u0161nje ter nave\u017eete nova poznanstva in tako \u0161e okrepite uspeh svojega \u0161olskega ekovrta.<\/p>\n\n\n<p><a href=\"https:\/\/skupnost.sio.si\/mod\/data\/view.php?d=3061&amp;rid=79572\"><strong>Seznam sodelujo\u010dih&nbsp;\u0161ol, vrtcev, dija\u0161kih domov &#8230;<\/strong><\/a><\/p>","protected":false},"excerpt":{"rendered":"<p>Kaj je mre\u017ea \u0161olskih ekovrtov? Mre\u017ea \u0161olskih ekovrtov je povezava osnovnih in srednjih \u0161ol, vrtcev, dija\u0161kih domov in drugih, ki so se zaradi svojega zanimanja za razvoj ekovrta vklju\u010dili v program &#8220;\u0160olski ekovrt&#8221;. Vklju\u010ditev v projekt, kasneje v program oziroma v mre\u017eo omogo\u010da dejavno sodelovanje: udele\u017ebo na seminarjih in delavnicah, strokovno podporo pri na\u010drtovanju vrta in delu v njem in z njim, izmenjavo izku\u0161enj <a href=\"https:\/\/www.solskiekovrt.si\/en\/o-programu\/kdo-sodeluje\/#more-'\" class=\"more-link\">ve\u010d \u00bb<\/a><\/p>","protected":false},"author":258,"featured_media":0,"parent":9,"menu_order":0,"comment_status":"closed","ping_status":"closed","template":"","meta":{"footnotes":""},"class_list":["post-78","page","type-page","status-publish","hentry"],"_links":{"self":[{"href":"https:\/\/www.solskiekovrt.si\/en\/wp-json\/wp\/v2\/pages\/78","targetHints":{"allow":["GET"]}}],"collection":[{"href":"https:\/\/www.solskiekovrt.si\/en\/wp-json\/wp\/v2\/pages"}],"about":[{"href":"https:\/\/www.solskiekovrt.si\/en\/wp-json\/wp\/v2\/types\/page"}],"author":[{"embeddable":true,"href":"https:\/\/www.solskiekovrt.si\/en\/wp-json\/wp\/v2\/users\/258"}],"replies":[{"embeddable":true,"href":"https:\/\/www.solskiekovrt.si\/en\/wp-json\/wp\/v2\/comments?post=78"}],"version-history":[{"count":93,"href":"https:\/\/www.solskiekovrt.si\/en\/wp-json\/wp\/v2\/pages\/78\/revisions"}],"predecessor-version":[{"id":8898,"href":"https:\/\/www.solskiekovrt.si\/en\/wp-json\/wp\/v2\/pages\/78\/revisions\/8898"}],"up":[{"embeddable":true,"href":"https:\/\/www.solskiekovrt.si\/en\/wp-json\/wp\/v2\/pages\/9"}],"wp:attachment":[{"href":"https:\/\/www.solskiekovrt.si\/en\/wp-json\/wp\/v2\/media?parent=78"}],"curies":[{"name":"wp","href":"https:\/\/api.w.org\/{rel}","templated":true}]}}