{"id":76,"date":"2013-07-23T11:01:12","date_gmt":"2013-07-23T10:01:12","guid":{"rendered":"http:\/\/www.solskiekovrt.si\/?page_id=76"},"modified":"2025-05-15T11:25:17","modified_gmt":"2025-05-15T10:25:17","slug":"solski-ekovrtovi","status":"publish","type":"page","link":"https:\/\/www.solskiekovrt.si\/en\/o-programu\/solski-ekovrtovi\/","title":{"rendered":"\u0160olski ekovrtovi"},"content":{"rendered":"<h4 class=\"acc_toggler\"><span>&nbsp;<\/span><a href=\"#\">Kaj je program \u0161olski ekovrtovi<\/a><\/h4>\r\n\t<div class=\"acc_inner\"><div class=\"block\"><p style=\"text-align: left;\">Program \u0160olski ekovrtovi <strong>nudi <span style=\"color: #ff6600;\">strokovno in informacijsko podporo<\/span><\/strong> vsem osnovnim in srednjim \u0161olam, vrtcem, dija\u0161kim domovom ipd. v Sloveniji, ki <span style=\"color: #ff6600;\"><strong>vzpostavljajo ali negujejo<\/strong> svoj<\/span> \u0161olski oziroma vrt\u010devski <span style=\"color: #ff6600;\">ekovrt<\/span>.<\/p>\n<p style=\"text-align: center;\"><img decoding=\"async\" class=\"size-full wp-image-1615 aligncenter\" src=\"http:\/\/www.solskiekovrt.si\/wp-content\/uploads\/2014\/05\/Logo-Solskiekovrt_MANJSI.jpg\" alt=\"Logo Solskiekovrt_MANJSI\" width=\"150\" height=\"150\" srcset=\"https:\/\/www.solskiekovrt.si\/wp-content\/uploads\/2014\/05\/Logo-Solskiekovrt_MANJSI.jpg 150w, https:\/\/www.solskiekovrt.si\/wp-content\/uploads\/2014\/05\/Logo-Solskiekovrt_MANJSI-50x50.jpg 50w, https:\/\/www.solskiekovrt.si\/wp-content\/uploads\/2014\/05\/Logo-Solskiekovrt_MANJSI-60x60.jpg 60w\" sizes=\"(max-width: 150px) 100vw, 150px\" \/>Logotip programa \u0160olski ekovrtovi<\/p>\n<p><em>Dru\u0161tvo \u0160olski ekovrtovi, <\/em>ki <strong>program koordinira <\/strong>(do konca leta 2019 je program koordiniral <a href=\"http:\/\/www.itr.si\/\" target=\"_blank\" rel=\"noopener noreferrer\">In\u0161titut za trajnostni razvoj<\/a>), <strong>\u010dlanom nudi celovito strokovno podporo<\/strong> pri:<\/p>\n<ul>\n<li>zasnovi in izvedbi \u0161olskega ekovrta ter samem ekolo\u0161kem vrtnarjenju,<\/li>\n<li>u\u010dni rabi \u0161olskega ekovrta,<\/li>\n<li>izobra\u017eevanju mentoric\/mentorjev \u0161olskih ekovrtov.<\/li>\n<\/ul>\n<p><strong>Vse ustanove<\/strong>, vklju\u010dene v &#8220;Mre\u017eo \u0161olskih ekovrtov&#8221; <strong>lahko<\/strong>:<\/p>\n<ul>\n<li><strong>sodelujejo na izobra\u017eevanjih, delavnicah in prireditvah projekta<\/strong>,<\/li>\n<li><strong>uporabljajo u\u010dna gradiva<\/strong> ter <strong>vsebine za mentorje na spletnem portalu \u0160EV.<\/strong><\/li>\n<\/ul>\n<p>Nudimo pa jim tudi <strong>mo\u017enosti za izmenjavo izku\u0161enj z drugimi ustanovami po vsej Sloveniji<\/strong>.<\/p><\/div><\/div><br \/><h4 class=\"acc_toggler\"><span>&nbsp;<\/span><a href=\"#\">Vizija programa<\/a><\/h4>\r\n\t<div class=\"acc_inner\"><div class=\"block\"><p>V Dru\u0161tvu \u0160olski ekovrtovi skrbimo za inovativne projekte, ki spodbujajo vzgojo za trajnostni razvoj.<\/p>\n<p><strong>Vizija programa \u0160olski ekovrtovi je vsem otrokom v Sloveniji omogo\u010diti neposredno izku\u0161njo pridelave hrane v sodelovanju z naravo in izku\u0161anje z vsemi \u010duti.<\/strong><\/p>\n<p><strong>Nameni programa \u0160olski ekovrtovi<\/strong> so:<\/p>\n<ul>\n<li><strong>spodbuditi oblikovanje \u0161olskih ekolo\u0161kih vrtov<\/strong> po vsej Sloveniji in njihovo vklju\u010devanje v pouk in vzgojo otrok,<\/li>\n<li>oblikovanje dejavne mre\u017ee \u0161olskih ekovrtov, ki omogo\u010da izmenjavo izku\u0161enj in dobrih praks,<\/li>\n<li><strong>spoznavanje ekolo\u0161ke pridelave in permakulture,<\/strong><\/li>\n<li><strong>spoznavanje celovite kakovosti ekolo\u0161kih \u017eivil<\/strong>, ki vklju\u010dujejo prehransko polnovrednost ter <strong>okoljske in socialne vidike<\/strong>.<\/li>\n<\/ul>\n<\/div><\/div><br \/><h4 class=\"acc_toggler\"><span>&nbsp;<\/span><a href=\"#\">Zakaj so ekovrtovi potrebni<\/a><\/h4>\r\n\t<div class=\"acc_inner\"><div class=\"block\"><p>Ogromno otrok danes\u00a0vse ve\u010d \u010dasa pre\u017eivi v ra\u010dunalni\u0161kih svetovih, neposrednega stika z naravo in\u00a0tudi s pridelavo hrane pa imajo vse manj.<br \/><strong>Le kako naj jim v \u0161oli pomagamo, da bodo \u010dutili in razumeli pomembnost narave, varstva okolja in medsebojnega\u00a0sodelovanja, \u010de tega stika nimajo?<\/strong><br \/>Otroci, ki \u017eivijo na pode\u017eelju ali celo na\u00a0kmetijah, pa pogosto ne vedo, kako lahko hrano pridelujemo ekolo\u0161ko.<\/p><\/div><\/div><br \/><h4 class=\"acc_toggler\"><span>&nbsp;<\/span><a href=\"#\">\u0160olski ekovrt je sodoben u\u010dni pripomo\u010dek!<\/a><\/h4>\r\n\t<div class=\"acc_inner\"><div class=\"block\">\n<p><img fetchpriority=\"high\" decoding=\"async\" class=\"size-medium wp-image-1616 aligncenter\" src=\"http:\/\/www.solskiekovrt.si\/wp-content\/uploads\/2013\/07\/Vrtec-kamnik-Vrt_sodoben-vzgojni-pripomocek-300x225.jpg\" alt=\"Vrtec-kamnik-Vrt_sodoben-vzgojni-pripomocek\" width=\"300\" height=\"225\" srcset=\"https:\/\/www.solskiekovrt.si\/wp-content\/uploads\/2013\/07\/Vrtec-kamnik-Vrt_sodoben-vzgojni-pripomocek-300x225.jpg 300w, https:\/\/www.solskiekovrt.si\/wp-content\/uploads\/2013\/07\/Vrtec-kamnik-Vrt_sodoben-vzgojni-pripomocek-130x98.jpg 130w, https:\/\/www.solskiekovrt.si\/wp-content\/uploads\/2013\/07\/Vrtec-kamnik-Vrt_sodoben-vzgojni-pripomocek-185x140.jpg 185w, https:\/\/www.solskiekovrt.si\/wp-content\/uploads\/2013\/07\/Vrtec-kamnik-Vrt_sodoben-vzgojni-pripomocek-628x472.jpg 628w, https:\/\/www.solskiekovrt.si\/wp-content\/uploads\/2013\/07\/Vrtec-kamnik-Vrt_sodoben-vzgojni-pripomocek.jpg 714w\" sizes=\"(max-width: 300px) 100vw, 300px\" \/><br \/>\u0160olski ekovrt je <strong>\u010dudovita popestritev \u0161olske okolice<\/strong> in <strong>zanimiv u\u010dni poligon za otroke<\/strong> \u2013 spoznavanje rastlin, pridelkov, vrtnih prebivalcev, procesov v naravi, kot tudi rokovanje z orodjem in zemljo.<\/p><\/div><\/div><br \/><h4 class=\"acc_toggler\"><span>&nbsp;<\/span><a href=\"#\">Letna poro\u010dila<\/a><\/h4>\r\n\t<div class=\"acc_inner\"><div class=\"block\"><p><a href=\"http:\/\/www.solskiekovrt.si\/wp-content\/uploads\/2013\/07\/Koncno_porocilo_UCB_SEV_SPLETNI_PORTAL.pdf\" target=\"_blank\" rel=\"noopener noreferrer\">Letno poro\u010dilo \u0161olsko leto 2012\/2013<\/a><\/p><\/div><\/div><\/p>\n\n\n<p><\/p>","protected":false},"excerpt":{"rendered":"","protected":false},"author":258,"featured_media":0,"parent":9,"menu_order":0,"comment_status":"closed","ping_status":"closed","template":"","meta":{"footnotes":""},"class_list":["post-76","page","type-page","status-publish","hentry"],"_links":{"self":[{"href":"https:\/\/www.solskiekovrt.si\/en\/wp-json\/wp\/v2\/pages\/76","targetHints":{"allow":["GET"]}}],"collection":[{"href":"https:\/\/www.solskiekovrt.si\/en\/wp-json\/wp\/v2\/pages"}],"about":[{"href":"https:\/\/www.solskiekovrt.si\/en\/wp-json\/wp\/v2\/types\/page"}],"author":[{"embeddable":true,"href":"https:\/\/www.solskiekovrt.si\/en\/wp-json\/wp\/v2\/users\/258"}],"replies":[{"embeddable":true,"href":"https:\/\/www.solskiekovrt.si\/en\/wp-json\/wp\/v2\/comments?post=76"}],"version-history":[{"count":39,"href":"https:\/\/www.solskiekovrt.si\/en\/wp-json\/wp\/v2\/pages\/76\/revisions"}],"predecessor-version":[{"id":8611,"href":"https:\/\/www.solskiekovrt.si\/en\/wp-json\/wp\/v2\/pages\/76\/revisions\/8611"}],"up":[{"embeddable":true,"href":"https:\/\/www.solskiekovrt.si\/en\/wp-json\/wp\/v2\/pages\/9"}],"wp:attachment":[{"href":"https:\/\/www.solskiekovrt.si\/en\/wp-json\/wp\/v2\/media?parent=76"}],"curies":[{"name":"wp","href":"https:\/\/api.w.org\/{rel}","templated":true}]}}