{"id":6069,"date":"2017-11-29T13:44:33","date_gmt":"2017-11-29T12:44:33","guid":{"rendered":"http:\/\/www.solskiekovrt.si\/?page_id=6069"},"modified":"2025-03-20T16:31:00","modified_gmt":"2025-03-20T15:31:00","slug":"publikacije","status":"publish","type":"page","link":"https:\/\/www.solskiekovrt.si\/en\/publikacije\/","title":{"rendered":"Publications"},"content":{"rendered":"<h4 class=\"acc_toggler\"><span>&nbsp;<\/span><a href=\"#\">\u0160olski ekovrtovi<\/a><\/h4>\r\n\t<div class=\"acc_inner\"><div class=\"block\">\n<ul>\n<li><span style=\"color: #ff6600;\"><a style=\"color: #ff6600;\" href=\"http:\/\/www.solskiekovrt.si\/publikacije\/jej-misli-prirocnik\/\">Jej lokalno, misli globalno! (projekt Eathink2015) &#8211; elektronska in tiskana izdaja<\/a><\/span><\/li>\n<li><span style=\"color: #ff6600;\"><a style=\"color: #ff6600;\" href=\"http:\/\/www.solskiekovrt.si\/publikacije\/school-garden-guide\/\">School Garden Guide (projekt Eathink2015) &#8211; elektronska izdaja<\/a><\/span><\/li>\n<li><span style=\"color: #ff6600;\"><a style=\"color: #ff6600;\" href=\"https:\/\/plus.si.cobiss.net\/opac7\/bib\/295450624\">\u0160olski ekovrtovi (projekt Eathink2015) &#8211; tiskana izdaja<\/a><\/span><\/li>\n<li><span style=\"color: #ff6600;\"><a style=\"color: #ff6600;\" href=\"http:\/\/www.itr.si\/wp-content\/uploads\/2019\/02\/Kompostiranje-gradivo-kon%C4%8Dna.pdf\">Kompostiranje za \u0161ole, vrtce in gospodinjstva (projekt Kompost gre v \u0161olo) &#8211; elektronska izdaja<\/a><\/span><\/li>\n<li><a href=\"http:\/\/www.solskiekovrt.si\/wp-content\/uploads\/2021\/12\/Skupnostno-kompostiranje.pdf\">Skupnostno kompostiranje (projekt Kompost gre v \u0161olo) &#8211; elektronska izdaja<\/a><\/li>\n<\/ul>\n<\/div><\/div>\n<h4 class=\"acc_toggler\"><span>&nbsp;<\/span><a href=\"#\">Ekolo\u0161ko kmetijstvo<\/a><\/h4>\r\n\t<div class=\"acc_inner\"><div class=\"block\">\n<ul>\n<li><a href=\"http:\/\/www.solskiekovrt.si\/wp-content\/uploads\/2021\/12\/Analiza-stanja-in-potencialov-za-rast-ponudbe-ekoloskih-proizvodov-v-luci-doseganja-ciljev-ANEK-v-Sloveniji-do-leta-2015.pdf\">Analiza stanja in potencialov za rast ponudbe ekolo\u0161kih proizvodov v lu\u010di doseganja ciljev ANEK v Sloveniji do leta 2015<\/a><\/li>\n<li><a href=\"http:\/\/www.solskiekovrt.si\/wp-content\/uploads\/2021\/12\/Kam-po-znanje-o-ekokmetijstvu-zgibanka.pdf\">Kam po znanje o ekokmetijstvu &#8211; zgibanka<\/a><\/li>\n<li><a href=\"http:\/\/www.solskiekovrt.si\/wp-content\/uploads\/2021\/12\/Priporocila-za-javno-narocanje-ekozivil-2009.pdf\">Priporo\u010dila za javno naro\u010danje eko\u017eivil 2009<\/a><\/li>\n<li><a href=\"http:\/\/www.solskiekovrt.si\/wp-content\/uploads\/2021\/12\/Priporocila-za-zeleno-javno-narocanje-ekozivil-2011.pdf\">Priporo\u010dila za zeleno javno naro\u010danje eko\u017eivil 2011<\/a><\/li>\n<li><a href=\"http:\/\/www.solskiekovrt.si\/wp-content\/uploads\/2021\/12\/Varstvo-podnebja-na-ekoloskih-kmetijah.pdf\">Varstvo podnebja na ekolo\u0161kih kmetijah<\/a><\/li>\n<li><a href=\"http:\/\/www.solskiekovrt.si\/wp-content\/uploads\/2021\/12\/Vizija-za-raziskovalni-program-za-ekozivila-in-EK-kmetijstvo-do-leta-2025.pdf\">Vizija za raziskovalni program za eko\u017eivila in EK kmetijstvo do leta 2025<\/a><\/li>\n<li><a href=\"http:\/\/www.solskiekovrt.si\/wp-content\/uploads\/2021\/12\/Zgibanka-Skok-naprej-za-ANEK.pdf\">Skok naprej za ANEK &#8211; zgibanka<\/a><\/li>\n<li>Lampi\u010d, B. in Slabe, A. 2013.\u00a0<strong>Tr\u017ena pridelava na ekolo\u0161kih kmetijah kot dejavnik razvoja na pode\u017eelju\u00a0<\/strong>(Market-oriented production of organic farms as a factor of rural development), v: Nove razvojne perspektive (New developmental perspectives), J. Nared et al. (ur.), Geografski in\u0161titut Antona Melika ZRC SAZU, Ljubljana, s. 111-125<\/li>\n<li>SLABE, Anamarija, LAMPI\u010c, Barbara, JUVAN\u010cI\u010c, Luka.\u00a0<strong>Potenciali ekolo\u0161ke pridelave za trajnostno lokalno oskrbo s hrano v Sloveniji. <\/strong><em>Dela<\/em>. [Tiskana izd.], 2011, [\u0160t.] 36, str. 93-109. [COBISS.SI-ID\u00a0<a href=\"http:\/\/cobiss.izum.si\/scripts\/cobiss?command=DISPLAY&amp;base=COBIB&amp;RID=47798882\">47798882<\/a>]<\/li>\n<li>SLABE, Anamarija, \u010cERNE, Mihaela.\u00a0<strong>Ekolo\u0161ko in biolo\u0161ko-dinami\u010dno semenarstvo <\/strong>\u2013 vabilo k sodelovanju.\u00a0<em>Biodar<\/em>, 2002, letn. 2, \u0161t. 3, str. 6-7. [COBISS.SI-ID\u00a0<a href=\"http:\/\/cobiss.izum.si\/scripts\/cobiss?command=DISPLAY&amp;base=COBIB&amp;RID=1632616\">1632616<\/a>]<\/li>\n<li><a href=\"http:\/\/www.itr.si\/wp-content\/uploads\/2017\/12\/InTech-Determinants_of_purchasing_behaviour_for_organic_and_integrated_fruits_and_vegetables_the_case_of_the_post_socialist_economy.pdf\">KUHAR, Ale\u0161, SLABE, Anamarija, JUVAN\u010cI\u010c, Luka.\u00a0<strong>Determinants of purchasing behaviour for organic and integrated fruits and vegetables : the case of the post socialist economy<\/strong>. V: REED, Matthew (ur.).\u00a0<em>Organic food and agriculture : new trends and developments in the social sciences<\/em>. Rijeka: Intech, 2011, str. 19-38. <\/a>[COBISS.SI-ID\u00a0<a href=\"http:\/\/cobiss.izum.si\/scripts\/cobiss?command=DISPLAY&amp;base=COBIB&amp;RID=3026312\">3026312<\/a>]<\/li>\n<li>SLABE, Anamarija, KUHAR, Ale\u0161, JUVAN\u010cI\u010c, Luka, TRATAR SUPAN, Ariana Lucija, LAMPI\u010c, Barbara, POHAR, Jurij, GORE\u010cAN, Maja, KODELJA, Ur\u0161ka<em>.\u00a0<\/em><strong>Analiza stanja in potencialov za rast ponudbe ekolo\u0161kih proizvodov v lu\u010di doseganja ciljev Akcijskega na\u010drta za razvoj ekolo\u0161kega kmetijstva v Sloveniji do 2015<\/strong><em>: zaklju\u010dno poro\u010dilo<\/em>. Dom\u017eale: Biotehni\u0161ka fakulteta, Oddelek za zootehniko; Ljubljana: In\u0161titut za trajnostni razvoj, 2010. 78 f., graf. prikazi. [COBISS.SI-ID\u00a0<a href=\"http:\/\/cobiss.izum.si\/scripts\/cobiss?command=DISPLAY&amp;base=COBIB&amp;RID=44169058\">44169058<\/a>]<\/li>\n<li>KLEMEN\u010cI\u010c, Marijan M., LAMPI\u010c, Barbara, PERPAR, Anton, POTO\u010cNIK SLAVI\u010c, Irma, SLABE, Anamarija<em>.\u00a0<\/em><strong>Ciljni raziskovalni program \u201cKonkuren\u010dnost Slovenije 2001-2006<\/strong><em>\u201c, Strukturni problemi in razvojni izzivi slovenskega pode\u017eelja v evropski razse\u017enosti : kon\u010dno poro\u010dilo : (V4-0755-02)<\/em>. Ljubljana: Oddelek za geografijo, Filozofska fakulteta: Biotehni\u0161ka fakulteta: In\u0161titut za trajnostni razvoj, 2005. 169 f., pril., ilustr. [COBISS.SI-ID\u00a0<a href=\"http:\/\/cobiss.izum.si\/scripts\/cobiss?command=DISPLAY&amp;base=COBIB&amp;RID=30687842\">30687842<\/a>]<\/li>\n<li>SLABE, Anamarija.\u00a0<strong>The organic market in Slovenia: the role of domestic production and direct sales<\/strong>. V:\u00a0<em>Organic farming as an opportunity for European agriculture : Proceedings<\/em>. [S. l.: Ministry of Rural Development], 2011, str. 25-27. [COBISS.SI-ID\u00a0<a href=\"http:\/\/cobiss.izum.si\/scripts\/cobiss?command=DISPLAY&amp;base=COBIB&amp;RID=46037090\">46037090<\/a>]<\/li>\n<li>SLABE, Anamarija.\u00a0<strong>Tr\u017eno obna\u0161anje slovenskih ekolo\u0161kih kmetij v razmerah slovenskega trga eko\u017eivil<\/strong>= Market performance of Slovenian organic farms in the context of Slovenian organic market. V: JERALA, Milena (ur.), KRAMARI\u010c, Martina (ur.), POGORELEC, Andrej (ur.), KOLENC ARTI\u010cEK, Majda (ur.).\u00a0<em>Prenos inovacij, znanj in izku\u0161enj v vsakdanjo rabo : zbornik referatov<\/em>. Naklo: Biotehni\u0161ki center, 2012, str. 1-8. [COBISS.SI-ID\u00a0<a href=\"http:\/\/cobiss.izum.si\/scripts\/cobiss?command=DISPLAY&amp;base=COBIB&amp;RID=49215842\">49215842<\/a>]<\/li>\n<li>\u010cERNE, Mihaela, SLABE, Anamarija, JUR\u0160E-ROGELJ, Helena.\u00a0<strong>Ekolo\u0161ko semenarstvo povr\u0107a\u00a0<\/strong>= Organic seed production of vegetables. V: ZE\u010cEVI\u0106, Bogoljub (ur.).\u00a0<em>Zbornik izvoda<\/em>. Beograd: Institut za istr\u017eivanja u poljoprivredi Srbija, Centar za povrtarstvo Smederevska Palanka, 2004, str. 16-17. [COBISS.SI-ID\u00a0<a href=\"http:\/\/cobiss.izum.si\/scripts\/cobiss?command=DISPLAY&amp;base=COBIB&amp;RID=1831528\">1831528<\/a>]<\/li>\n<li>\u010cERNE, Mihaela, SLABE, Anamarija, JUR\u0160E-ROGELJ, Helena.\u00a0<strong>Ekolo\u0161ko semenarstvo povr\u0107a\u00a0<\/strong>= Organic seed production of vegetables. V: ZE\u010cEVI\u0106, Bogoljub (ur.).\u00a0<em>Zbornik radova<\/em>. Beograd: Institut za istr\u017eivanja u poljoprivredi Srbija, Centar za povrtarstvo Smederevska Palanka, 2004, str. 100-104. [COBISS.SI-ID\u00a0<a href=\"http:\/\/cobiss.izum.si\/scripts\/cobiss?command=DISPLAY&amp;base=COBIB&amp;RID=1955688\">1955688<\/a>]<\/li>\n<li>SLABE, Anamarija<em>.\u00a0<\/em><strong>Can civic food networks help bridging the gap between small organic farms and urban organic food demand?<\/strong><em>: [predavanje na International conference on multifunctional agriculture and urban \u2013 rural relations, Wageningen, The Netherlands, April 1st \u2013 4th, 2012]<\/em>. Wageningen: [s. n.], 2012. [COBISS.SI-ID\u00a0<a href=\"http:\/\/cobiss.izum.si\/scripts\/cobiss?command=DISPLAY&amp;base=COBIB&amp;RID=48611426\">48611426<\/a>]<\/li>\n<li>SLABE, Anamarija.\u00a0<strong>Can civic food networks help bridging the gap between small organic farms and urban organic food demand?<\/strong>. V:\u00a0<em>Agriculture in an urbanizing society : programme book : book of abstracts<\/em>. Wageningen: [Wageningen University], 2012, str. [24]. [COBISS.SI-ID\u00a0<a href=\"http:\/\/cobiss.izum.si\/scripts\/cobiss?command=DISPLAY&amp;base=COBIB&amp;RID=48630882\">48630882<\/a>]<\/li>\n<li>SLABE, Anamarija, BRATU\u0160A, Alenka, TRATAR SUPAN, Ariana Lucija.\u00a0<strong>Ocena ponudbe eko\u017eivil v Sloveniji \u2013 preiskovalna analiza stanja<\/strong>. V: KAV\u010cI\u010c, Stane (ur.). 3. konferenca DAES, Moravske Toplice, 10.-11. november 2005.\u00a0<em>Slovenija v EU \u2013 izzivi za kmetijstvo, \u017eivilstvo in pode\u017eelje<\/em>. 1. izd. Ljubljana: Dru\u0161tvo agrarnih ekonomistov Slovenije \u2013 DAES, 2006, str. 203-215. [COBISS.SI-ID\u00a0<a href=\"http:\/\/cobiss.izum.si\/scripts\/cobiss?command=DISPLAY&amp;base=COBIB&amp;RID=44722274\">44722274<\/a>]<\/li>\n<li>\u010cERNE, Mihaela, SLABE, Anamarija, JUR\u0160E-ROGELJ, Helena, PE\u010cAR FONOVI\u0106, Ur\u0161a, FABJAN, Jo\u017eica, BUSAR, Sta\u0161ka, COKAN-GRENKO, Cvetka, TR\u010cEK-KOV\u0160E, Natalija, TOMA\u017dI\u010c, Edvin.\u00a0<strong>Slovenske sorte vrtnin v ekolo\u0161kem pridelovanju in semenarstvu<\/strong>. V: PODGOR\u0160EK, Jo\u017ee (ur.).\u00a0<em>Vrtnarstvo : kako do zdrave hrane in okolja? : zbornik referatov<\/em>. Novo mesto: Kmetijsko gozdarski zavod: KZ Krka: Kmetijska \u0161ola Grm, 2005, str. 280-289. [COBISS.SI-ID\u00a0<a href=\"http:\/\/cobiss.izum.si\/scripts\/cobiss?command=DISPLAY&amp;base=COBIB&amp;RID=1862760\">1862760<\/a>]<\/li>\n<li>SLABE, Anamarija.\u00a0<strong>Pomen ekolo\u0161ke pridelave hrane za ohranjanje zdravja<\/strong>. V: \u0160TABUC, Borut (ur.).\u00a0<em>Prehrana in rak<\/em>. Ljubljana: Zveza slovenskih dru\u0161tev za boj proti raku [etc.], 2000, str. 81-85. [COBISS.SI-ID\u00a0<a href=\"http:\/\/cobiss.izum.si\/scripts\/cobiss?command=DISPLAY&amp;base=COBIB&amp;RID=12471257\">12471257<\/a>]<\/li>\n<li>SLABE, Anamarija.\u00a0<strong>Razvoj ekolo\u0161kega kmetijstva v Sloveniji\u00a0<\/strong>: (development of organic farming in Slovenia). V: KREFT, Ivan (ur.).\u00a0<em>Rastlinska hrana za zdravje ljudi : posvetovanje v petek, 30. marca 2001, Ljubljana<\/em>. Ljubljana: Biotehni\u0161ka fakulteta, 2001, str. 33-34. [COBISS.SI-ID\u00a0<a href=\"http:\/\/cobiss.izum.si\/scripts\/cobiss?command=DISPLAY&amp;base=COBIB&amp;RID=17859885\">17859885<\/a>]<\/li>\n<li>SLABE, Anamarija, BRATU\u0160A, Alenka, VADNAL, Katja.\u00a0<strong>Profile of organic farmers in Slovenia<\/strong>. V: ALF\u00d6LDI, Thomas (ur.). 13th International IFOAM Scientific Conference, Convention Center Basel 28 to 31 August 2000.\u00a0<em>IFOAM 2000 \u2013 the world grows organic : proceedings<\/em>. Z\u00fcrich: VDF; [Amsterdam]: IOS Press, 2000, str. 690. [COBISS.SI-ID\u00a0<a href=\"http:\/\/cobiss.izum.si\/scripts\/cobiss?command=DISPLAY&amp;base=COBIB&amp;RID=3454585\">3454585<\/a>]<\/li>\n<li>SLABE, Anamarija.\u00a0<strong>Ekolo\u0161ko kmetijstvo \u2013 obvezna sestavina pou\u010devanja za trajnostni razvoj<\/strong>. V:\u00a0<em>Lokalna oskrba s hrano : povzetki referatov<\/em>. Ljubljana: Univerza v Ljubljani, Filozofska fakulteta, Oddelek za geografijo, 2010, str. 25-27. [COBISS.SI-ID\u00a0<a href=\"http:\/\/cobiss.izum.si\/scripts\/cobiss?command=DISPLAY&amp;base=COBIB&amp;RID=43564642\">43564642<\/a>]<\/li>\n<li>SLABE, Anamarija (ur.), LON\u010cAR, Sanja (ur.)<em>.\u00a0<\/em><strong>Vodnik po ponudbi za eko &amp; zdravo \u017eivljenje<\/strong>. Ljubljana: In\u0161titut za trajnostni razvoj, 2005. ISBN 961-90364-4-1. [COBISS.SI-ID\u00a0<a href=\"http:\/\/cobiss.izum.si\/scripts\/cobiss?command=DISPLAY&amp;base=COBIB&amp;RID=222344704\">222344704<\/a>]<\/li>\n<li>SLABE, Anamarija (ur.)<em>.\u00a0<\/em><strong>Ekolo\u0161ko semenarstvo<\/strong> (Biodar, Letn. 3, \u0161t. 3). Ljubljana: Zveza zdru\u017eenj ekolo\u0161kih kmetov Slovenije, 2003. 38 str., ilustr. [COBISS.SI-ID\u00a0<a href=\"http:\/\/cobiss.izum.si\/scripts\/cobiss?command=DISPLAY&amp;base=COBIB&amp;RID=3388460\">3388460<\/a>]<\/li>\n<li>JUR\u0160E ROGELJ, Helena (ur.), SLABE, Anamarija (ur.)<em>.\u00a0<\/em><strong>Uvodno izobra\u017eevanje o ekolo\u0161kem semenarstvu : priro\u010dnik za pridelovalce<\/strong>. [Ljubljana]: Zveza zdru\u017eenj ekolo\u0161kih kmetov Slovenije, 2003. 62 str., tabele, skice. [COBISS.SI-ID\u00a0<a href=\"http:\/\/cobiss.izum.si\/scripts\/cobiss?command=DISPLAY&amp;base=COBIB&amp;RID=1635944\">1635944<\/a>]<\/li>\n<li>SLABE, Anamarija (ur.)<em>.\u00a0<\/em><strong>Zbornik posveta Ohranjanje slovenskih in avtohtonih sort kmetijskih rastlin v pridelavi, ter mo\u017enosti ekolo\u0161kega semenarstva<\/strong><em>, Gornja Radgona, 26. avgust 2003<\/em>. Ljubljana: Zveza zdru\u017eenj ekolo\u0161kih kmetov Slovenije, 2003. ISBN 961-91201-0-8. [COBISS.SI-ID\u00a0<a href=\"http:\/\/cobiss.izum.si\/scripts\/cobiss?command=DISPLAY&amp;base=COBIB&amp;RID=126959104\">126959104<\/a>]<\/li>\n<li>SLABE, Anamarija (ur.)<em>.\u00a0<\/em><strong>Odstranimo ovire za trajnostni razvoj pode\u017eelja : zbornik projekta<\/strong>. Ljubljana: In\u0161titut za trajnostni razvoj, 2002. 38 str., ilustr. ISBN 961-90364-3-3. [COBISS.SI-ID\u00a0<a href=\"http:\/\/cobiss.izum.si\/scripts\/cobiss?command=DISPLAY&amp;base=COBIB&amp;RID=121434880\">121434880<\/a>]<\/li>\n<li><strong>Standardi za ekolo\u0161ko pridelavo in predelavo Zveze zdru\u017eenj ekolo\u0161kih kmetov Slovenije : standardi za znamko Biodar<\/strong>. Ljubljana: Zveza zdru\u017eenj ekolo\u0161kih kmetov Slovenije, 2002. 34 str., preglednice. [COBISS.SI-ID\u00a0<a href=\"http:\/\/cobiss.izum.si\/scripts\/cobiss?command=DISPLAY&amp;base=COBIB&amp;RID=118528000\">118528000<\/a>]<\/li>\n<li>SLABE, Anamarija (ur.)<em>.\u00a0<\/em><strong>Praksa ekolo\u0161ke \u017eivinoreje : krmljenje in zdravje \u017eivali<\/strong>. Ljubljana: In\u0161titut za trajnostni razvoj, 2001. 119 str., ilustr., tabele. ISBN 961-90364-2-5. [COBISS.SI-ID\u00a0<a href=\"http:\/\/cobiss.izum.si\/scripts\/cobiss?command=DISPLAY&amp;base=COBIB&amp;RID=115069696\">115069696<\/a>]<\/li>\n<li>NIGGLI, Urs, SLABE, Anamarija<em>.\u00a0<\/em><strong>Vizija za raziskovalni program za eko\u017eivila in ekolo\u0161ko kmetijstvo do leta 2025 : tehnolo\u0161ka platforma Organics : ekokmetijsko znanje za prihodnost<\/strong>. Ljubljana: In\u0161titut za trajnostni razvoj, 2009. ISBN 978-961-90364-5-7. [COBISS.SI-ID\u00a0<a href=\"http:\/\/cobiss.izum.si\/scripts\/cobiss?command=DISPLAY&amp;base=COBIB&amp;RID=246381824\">246381824<\/a>]<\/li>\n<li>SCHMID, Otto, SLABE, Anamarija<em>.\u00a0<\/em><strong>Organic action plans : development, implementation and evaluation : a resource manual for the organic food and farming sector<\/strong>. Frick: Research Institute of Organic Agriculture; Brussels: IFOAM EU Group, 2008. 105 str., barvne ilustr. ISBN 978-3-03736-022-4. [COBISS.SI-ID\u00a0<a href=\"http:\/\/cobiss.izum.si\/scripts\/cobiss?command=DISPLAY&amp;base=COBIB&amp;RID=42226786\">42226786<\/a>]<\/li>\n<li>BAVEC, Martina, BAVEC, Franc, REPI\u010c, Polonca, FLISAR NOVAK, Zita, PO\u0160TRAK, Nevenka, BANTAN, Irena, PEVEC, Tatjana, MALJEVI\u010c, Jo\u017ee, MATIS, Gustav, MIKLAVC, Jo\u017ee, P\u0160AKER, Peter, DAROVIC, Anton, \u0160TABUC-STAR\u010cEVI\u010c, Dominika, AMBRO\u017dI\u010c, Ivan, ZUPAN\u010cI\u010c, Mitja, SLABE, Anamarija, TKAL\u010cI\u010c, Eva, ORE\u0160EK, Erika<em>.\u00a0<\/em><strong>Ekolo\u0161ko kmetijstvo<\/strong>, (Knji\u017enica za pospe\u0161evanje kmetijstva). Ljubljana: Kme\u010dki glas, 2001. 448 str., ilustr. ISBN 961-203-207-6. [COBISS.SI-ID\u00a0<a href=\"http:\/\/cobiss.izum.si\/scripts\/cobiss?command=DISPLAY&amp;base=COBIB&amp;RID=110521088\">110521088<\/a>]<\/li>\n<\/ul>\n<\/div><\/div>\n<h4 class=\"acc_toggler\"><span>&nbsp;<\/span><a href=\"#\">Podnebne spremembe<\/a><\/h4>\r\n\t<div class=\"acc_inner\"><div class=\"block\">\n<ul>\n<li><a href=\"http:\/\/www.solskiekovrt.si\/wp-content\/uploads\/2021\/12\/Afrika-na-voljo-vsem-Obeg-in-posledice-grabeza-zemljisc-za-agrogoriva.pdf\">Afrika na voljo vsem &#8211; Obseg in posledice grabe\u017ea zemlji\u0161\u010d za agrogoriva<\/a><\/li>\n<li><a href=\"http:\/\/www.solskiekovrt.si\/wp-content\/uploads\/2021\/12\/Sladkorni-trs-in-spremembe-rabe-zemljisc-v-Braziliji.pdf\">Sladkorni trs in spremembe rabe zemlji\u0161\u010d v Braziliji<\/a><\/li>\n<li><a href=\"http:\/\/www.solskiekovrt.si\/wp-content\/uploads\/2021\/12\/Sojino-olje-in-posredne-spremembe-rabe-zemljisc.pdf\">Sojino olje in posredne spremembe rabe zemlji\u0161\u010d<\/a><\/li>\n<li><a href=\"http:\/\/www.solskiekovrt.si\/wp-content\/uploads\/2021\/12\/Trajnostno-palmovo-olje-povzroca-izsekavanje-gozdov.pdf\">Trajnostno palmovo olje povzro\u010da izsekavanje gozdov<\/a><\/li>\n<li>PIHLAR, Tatjana, SLABE, Anamarija, KLINC, Miran, \u017dIDAN, Dejan, RASPOR, Peter.\u00a0<strong>Hrana za avtomobile jemlje hrano ljudem<\/strong>: apetiti po gradnji bioplinarn so veliki tudi v Sloveniji, ki pa za surovino uporablja tudi koruzo, ne le \u017eivalskih odpadkov.\u00a0<em>Dnevnik<\/em>, 16. okt. 2010, \u0161t. 241, letn. 60, str. 4, ilustr.\u00a0<a href=\"http:\/\/www.dnevnik.si\/tiskane_izdaje\/dnevnik\/1042395775\">http:\/\/www.dnevnik.si\/tiskane_izdaje\/dnevnik\/1042395775<\/a>. [COBISS.SI-ID\u00a0<a href=\"http:\/\/cobiss.izum.si\/scripts\/cobiss?command=DISPLAY&amp;base=COBIB&amp;RID=4076920\">4076920<\/a>]<\/li>\n<li>STRITIH, Jernej, HENIGMAN, Alenka, PLEVNIK, Alja\u017e, VOVK KOR\u017dE, Ana, SLABE, Anamarija, KLEMENC, Andrej, KOVA\u010c, Bogomir, VRHOV\u0160EK, Danijel, PLUT, Du\u0161an, PRA\u0160NIKAR, Du\u0161an, KAJFE\u017d-BOGATAJ, Lu\u010dka, DERMELJ, Marjana, KER\u0160I\u010c-SVETEL, Marjeta, TOM\u0160I\u010c, Mihael Gabrijel, BOGATAJ, Nevenka, VAHTAR, Marta, OGRIN, Matej, NOVAK, Peter, LAH, Polona, KARBA, Renata, OGORELEC WAGNER, Vida, SKABERNE, Barbara (ur.)<em>.\u00a0<\/em><strong><em>Plan B za Slovenijo : pobuda za trajnostni razvoj 1.0<\/em><\/strong><em>: vizija: Slovenija je dr\u017eava blaginje in kakovostnega \u017eivljenja v dejavnem so\u017eitju z naravo : povzetek<\/em>. Ljubljana: Umanotera, 2007. 22 str. ISBN 978-961-6450-17-1. [COBISS.SI-ID\u00a0<a href=\"http:\/\/cobiss.izum.si\/scripts\/cobiss?command=DISPLAY&amp;base=COBIB&amp;RID=232498944\">232498944<\/a>]<\/li>\n<\/ul>\n<\/div><\/div>\n<h4 class=\"acc_toggler\"><span>&nbsp;<\/span><a href=\"#\">Varstvo tal<\/a><\/h4>\r\n\t<div class=\"acc_inner\"><div class=\"block\">\n<ul>\n<li><a href=\"https:\/\/www.solskiekovrt.si\/wp-content\/uploads\/2025\/03\/Raziskava-Glasovi-podezelja-1.pdf\">Varstvo tal, trajnostni razvoj in enakost spolov (raziskava Glasovi pode\u017eelja)<\/a><\/li>\n<\/ul>\n<\/div><\/div>\n<h4 class=\"acc_toggler\"><span>&nbsp;<\/span><a href=\"#\">GSO<\/a><\/h4>\r\n\t<div class=\"acc_inner\"><div class=\"block\">\n<ul>\n<li><a href=\"http:\/\/www.solskiekovrt.si\/wp-content\/uploads\/2022\/01\/ifoameu_policy_kgoo_newgmoleaflet_slovenia_05062019.pdf\">Vse tehnike genskega spreminjanja je potrebno urediti z zakonodajo (letak)<\/a><\/li>\n<li><a href=\"http:\/\/www.solskiekovrt.si\/wp-content\/uploads\/2021\/12\/Genska-tehnologija-v-kmetijstvu-in-na-krozniku-skupna.pdf\">Genska tehnologija v kmetijstvu in na kro\u017eniku<\/a><\/li>\n<li><a href=\"http:\/\/www.solskiekovrt.si\/wp-content\/uploads\/2021\/12\/Komu-koristijo-GS-kmetijske-rastline2.pdf\">Komu koristijo GS kmetijske rastline &#8211; 1. del<\/a><\/li>\n<li><a href=\"http:\/\/www.solskiekovrt.si\/wp-content\/uploads\/2021\/12\/Komu-koristijo-GS-kmetijske-rastline.pdf\">Komu koristijo GS kmetijske rastline &#8211; 2. del<\/a><\/li>\n<li>RASPOR, Peter, SLABE, Anamarija.\u00a0<strong>La\u010dni ob preobilici hrane<\/strong>.\u00a0<em>7D<\/em>. [Tiskana izd.], 25. feb. 2009, leto 58, \u0161t. 8, str. 12-14. [COBISS.SI-ID\u00a0<a href=\"http:\/\/cobiss.izum.si\/scripts\/cobiss?command=DISPLAY&amp;base=COBIB&amp;RID=3634296\">3634296<\/a>]<\/li>\n<li>JAVORNIK, Branka, SLABE, Anamarija, KOS, Janko.\u00a0<strong>Dvom na kro\u017eniku : gensko spremenjeno hrano odobrava petina Slovencev<\/strong>.\u00a0<em>Mag (Ljubl.)<\/em>, 23. maj 2007, letn. 13, \u0161t. 21, str. 66-67, fotografije. [COBISS.SI-ID\u00a0<a href=\"http:\/\/cobiss.izum.si\/scripts\/cobiss?command=DISPLAY&amp;base=COBIB&amp;RID=5100921\">5100921<\/a>]<\/li>\n<li>JAVORNIK, Branka, SLABE, Anamarija.\u00a0<strong>Pro et contra o gensko spremenjenih rastlinah<\/strong>.\u00a0<em>Evropa pojutri\u0161njem<\/em>. [COBISS.SI-ID\u00a0<a href=\"http:\/\/cobiss.izum.si\/scripts\/cobiss?command=DISPLAY&amp;base=COBIB&amp;RID=6705785\">6705785<\/a>]<\/li>\n<li>SLABE, Anamarija. \u201c<strong>Pri gensko spremenjenih organizmih gre za eti\u010dno vpra\u0161anje\u201d : biotehnologija<\/strong>.\u00a0<em>Mladina<\/em>, 28. jul. 2007, [\u0160t.] 30, str. 46-48, ilustr. [COBISS.SI-ID\u00a0<a href=\"http:\/\/cobiss.izum.si\/scripts\/cobiss?command=DISPLAY&amp;base=COBIB&amp;RID=238742272\">238742272<\/a>]<\/li>\n<\/ul>\n<\/div><\/div>\n<h4 class=\"acc_toggler\"><span>&nbsp;<\/span><a href=\"#\">Razno<\/a><\/h4>\r\n\t<div class=\"acc_inner\"><div class=\"block\">\n<ul>\n<li>\u017dIV\u010cI\u010c, Lidija, RAJ\u0160EK, Primo\u017e, DERMELJ, Marjana, KLEMENC, Andrej, HAFNER, Mateja, OGORELEC WAGNER, Vida, KAJFE\u017d-BOGATAJ, Lu\u010dka, SLABE, Anamarija, DEBELJAK, Marko, SOVINC, Andrej, MACAROL, Bogdan, KEUC, Albin, ROBNIK, Sonja, MAREGA, Milena, LOTRI\u010c, Jerneja, BRATU\u0160A, Alenka, PAV\u0160ER, Nada, DEKLEVA, Majda<em>.\u00a0<\/em><strong>Draft country profile on the implementation of sustainable development in the Republic of Slovenia<\/strong><em>: report to the Ministry of Environment and Spatial Planning RS<\/em>. Ljubljana: Umanotera \u2013 Slovenska fundacija za trajnostni razvoj, 2002. 176 str. [COBISS.SI-ID\u00a0<a href=\"http:\/\/cobiss.izum.si\/scripts\/cobiss?command=DISPLAY&amp;base=COBIB&amp;RID=3318649\">3318649<\/a>]<\/li>\n<li>RASPOR, Peter, SLABE, Anamarija, VRHUNC, Meta, LOGAR, Mateja.\u00a0<strong>Previdnost, ne pa panika! : smrtno nevarni mutant bakterije Escherichia coli ali EHEC<\/strong>: [pogovor z dr. Petrom Rasporjem in drugimi strokovnjaki].\u00a0<em>Jana (Ljubl.)<\/em>, 7. jun. 2011, letn. 39, \u0161t. 23, str. 10-12. [COBISS.SI-ID\u00a0<a href=\"http:\/\/cobiss.izum.si\/scripts\/cobiss?command=DISPLAY&amp;base=COBIB&amp;RID=3933816\">3933816<\/a>]<\/li>\n<li>SLABE, Anamarija.\u00a0<strong>Kmetijska zemlji\u0161\u010da v kontekstu trajnostnega razvoja Slovenije<\/strong>. V:\u00a0<em>Bomo ostali brez kmetijskih zemlji\u0161\u010d in brez hrane? : posvet o varovanju kmetijskih zemlji\u0161\u010d, Ljubljana, dvorana Dr\u017eavnega sveta, 28.3.2011<\/em>. Ljubljana: Dr\u017eavni zbor, 2011, str. [1-4].\u00a0 [COBISS.SI-ID\u00a0<a href=\"http:\/\/cobiss.izum.si\/scripts\/cobiss?command=DISPLAY&amp;base=COBIB&amp;RID=46419554\">46419554<\/a>]<\/li>\n<li>SLABE, Anamarija, DOLENC, Ana Romana<em>.\u00a0<\/em><strong>Priporo\u010dila za zeleno javno naro\u010danje eko\u017eivil<\/strong>. 1. izd. Ljubljana: In\u0161titut za trajnostni razvoj, 2011. ISBN 978-961-90364-7-1. [COBISS.SI-ID\u00a0<a href=\"http:\/\/cobiss.izum.si\/scripts\/cobiss?command=DISPLAY&amp;base=COBIB&amp;RID=255058432\">255058432<\/a>]<\/li>\n<\/ul>\n<\/div><\/div>\n\n\n<p><\/p>\n","protected":false},"excerpt":{"rendered":"","protected":false},"author":258,"featured_media":0,"parent":0,"menu_order":0,"comment_status":"closed","ping_status":"closed","template":"","meta":{"footnotes":""},"class_list":["post-6069","page","type-page","status-publish","hentry"],"_links":{"self":[{"href":"https:\/\/www.solskiekovrt.si\/en\/wp-json\/wp\/v2\/pages\/6069","targetHints":{"allow":["GET"]}}],"collection":[{"href":"https:\/\/www.solskiekovrt.si\/en\/wp-json\/wp\/v2\/pages"}],"about":[{"href":"https:\/\/www.solskiekovrt.si\/en\/wp-json\/wp\/v2\/types\/page"}],"author":[{"embeddable":true,"href":"https:\/\/www.solskiekovrt.si\/en\/wp-json\/wp\/v2\/users\/258"}],"replies":[{"embeddable":true,"href":"https:\/\/www.solskiekovrt.si\/en\/wp-json\/wp\/v2\/comments?post=6069"}],"version-history":[{"count":41,"href":"https:\/\/www.solskiekovrt.si\/en\/wp-json\/wp\/v2\/pages\/6069\/revisions"}],"predecessor-version":[{"id":8470,"href":"https:\/\/www.solskiekovrt.si\/en\/wp-json\/wp\/v2\/pages\/6069\/revisions\/8470"}],"wp:attachment":[{"href":"https:\/\/www.solskiekovrt.si\/en\/wp-json\/wp\/v2\/media?parent=6069"}],"curies":[{"name":"wp","href":"https:\/\/api.w.org\/{rel}","templated":true}]}}