{"id":56,"date":"2013-07-23T10:43:48","date_gmt":"2013-07-23T09:43:48","guid":{"rendered":"http:\/\/www.solskiekovrt.si\/?page_id=56"},"modified":"2026-01-13T12:25:36","modified_gmt":"2026-01-13T11:25:36","slug":"merila","status":"publish","type":"page","link":"https:\/\/www.solskiekovrt.si\/en\/pridruzi-se-2\/merila\/","title":{"rendered":"Merila"},"content":{"rendered":"<h3 style=\"text-align: justify;\"><span style=\"color: #99cc00;\">&#8230; za pridobitev znaka \u0160olski ekovrt v programu \u0160olski ekovrtovi<\/span><\/h3>\n<p style=\"text-align: justify;\">Vse \u0161ole in vrtci (= \u010dlani mre\u017ee \u0160olski ekovrtovi), ki so oz. bodo otrokom omogo\u010dili stik z \u017eivim \u0161olskim ekolo\u0161kim vrtom in zasledovali postavljena merila, (smo in) bomo odlikovali z znakom \u00bb\u0160olski ekovrt\u00ab.<br \/>\nTako \u0161ole in vrtci sporo\u010dajo svoje poslanstvo in trud star\u0161em, lokalni skupnosti in \u0161ir\u0161e.<br \/>\nSkupaj pa si prizadevamo, da bodo na\u0161i vrt\u010devski in \u0161olski ekovrtovi cenjeni in priznani!<\/p>\n<p style=\"text-align: justify;\"><div class=\"alert-info\"> <span style=\"color: #ff6600;\">Za pridobitev znaka \u0160EV se lahko potegujejo vzgojno-izobra\u017eevalne ustanove \u2013 \u010dlani Mre\u017ee \u0161olskih ekovrtov, ki so v program <strong>vklju\u010deni vsaj 1 celo \u0161olsko leto<\/strong> in se <strong>vsako \u0161olsko leto<\/strong> <strong>udele\u017eijo vsaj enega izobra\u017eevanja<\/strong> v okviru programa \u0160olski ekovrtovi. Vrt, ki se poteguje za pridobitev znaka, pa mora biti <strong>oskrbovan vsaj eno leto<\/strong> (t. j. vse \u0161tiri letne \u010dase).<\/span> <\/div><\/p>\n<p style=\"text-align: justify;\"><strong>Obrazec za prvo pridobitev znaka in obrazec za obnovitev znaka, <\/strong>kar dobitniki storijo vsaka <strong>tri leta<\/strong>, najdete spodaj:<\/p>\n<p><a href=\"https:\/\/www.solskiekovrt.si\/wp-content\/uploads\/2026\/01\/Znak-SEV_obrazec_PRVA_PRIDOBITEV_2026.docx\">Obrazec za PRVO pridobitev znaka \u0160EV<\/a><\/p>\n<p style=\"text-align: justify;\"><a href=\"https:\/\/www.solskiekovrt.si\/wp-content\/uploads\/2026\/01\/Znak-SEV_obrazec_OBNOVITEV_2026.docx\">Obrazec za OBNOVITEV znaka \u0160EV<\/a> (obnavlja vsaka <strong>tri leta<\/strong>)<\/p>\n<p style=\"text-align: justify;\"><span style=\"color: #ff6600;\"><strong>Kako lahko pridobimo znak?<\/strong><\/span><\/p>\n<ol style=\"text-align: justify;\">\n<li>Mentor vrt\u010devskega\/\u0161olskega ekovrta ustanove \u010dlanice Mre\u017ee \u0160EV izpolni <strong>obrazec z merili<\/strong>, ki jih je potrebno izpolnjevati za pridobitev znaka. Obrazec po\u0161lje na Dru\u0161tvo \u0160olski ekovrtovi, <strong>po e-po\u0161ti solski.ekovrt@dsev.si<\/strong> (za\u017eeleno v obliki .pdf.).<\/li>\n<li>Dru\u0161tvo \u0160EV pregleda prejete obrazce. V primeru nepopolno izpolnjene prijave Dru\u0161tvo \u0160EV pozove kandidata k dopolnitvi vloge.<\/li>\n<li>\u010ce so vsa merila zadovoljivo izpolnjena, Dru\u0161tvo podeli znak \u0160EV (\u010dastno izjavo) na letnem sre\u010danju \u2013 nacionalnem seminarju za mentorje ekovrtov. Dobitnik znaka se na podelitvi tudi predstavi.<\/li>\n<li>\u010castno izjavo podpi\u0161e tudi ravnatelj\/ica \u0161ole oz. vrtca. \u0160ola\/vrtec lahko znak uporablja v skladu s pravili.<\/li>\n<li>Dru\u0161tvo \u0160EV prejemniku po\u0161lje enostavna pravila za uporabo znaka.<\/li>\n<li>\u010castna izjava in pravica do uporabe znaka <strong>veljata tri \u0161olska leta<\/strong>. Potem se postopek ponovi.<\/li>\n<li>Ustanova \u010dlanica Mre\u017ee \u0160EV s samo pridobitvijo znaka \u0160olski ekovrt nima stro\u0161kov; <strong>pogoj je le pla\u010dana \u010dlanarina v Mre\u017ei \u0160EV za teko\u010de \u0161olsko leto.<\/strong><\/li>\n<\/ol>\n<p><a href=\"https:\/\/www.solskiekovrt.si\/wp-content\/uploads\/2025\/01\/Listina-DRUSTVO-Podeljuje-znaki_page-0001.jpg\"><img fetchpriority=\"high\" decoding=\"async\" class=\"alignnone wp-image-8348 size-medium\" src=\"https:\/\/www.solskiekovrt.si\/wp-content\/uploads\/2025\/01\/Listina-DRUSTVO-Podeljuje-znaki_page-0001-212x300.jpg\" alt=\"\" width=\"212\" height=\"300\" srcset=\"https:\/\/www.solskiekovrt.si\/wp-content\/uploads\/2025\/01\/Listina-DRUSTVO-Podeljuje-znaki_page-0001-212x300.jpg 212w, https:\/\/www.solskiekovrt.si\/wp-content\/uploads\/2025\/01\/Listina-DRUSTVO-Podeljuje-znaki_page-0001-725x1024.jpg 725w, https:\/\/www.solskiekovrt.si\/wp-content\/uploads\/2025\/01\/Listina-DRUSTVO-Podeljuje-znaki_page-0001-768x1085.jpg 768w, https:\/\/www.solskiekovrt.si\/wp-content\/uploads\/2025\/01\/Listina-DRUSTVO-Podeljuje-znaki_page-0001-1087x1536.jpg 1087w, https:\/\/www.solskiekovrt.si\/wp-content\/uploads\/2025\/01\/Listina-DRUSTVO-Podeljuje-znaki_page-0001-8x12.jpg 8w, https:\/\/www.solskiekovrt.si\/wp-content\/uploads\/2025\/01\/Listina-DRUSTVO-Podeljuje-znaki_page-0001-628x888.jpg 628w, https:\/\/www.solskiekovrt.si\/wp-content\/uploads\/2025\/01\/Listina-DRUSTVO-Podeljuje-znaki_page-0001.jpg 1241w\" sizes=\"(max-width: 212px) 100vw, 212px\" \/><\/a> <a href=\"https:\/\/www.solskiekovrt.si\/wp-content\/uploads\/2025\/01\/Listina-DRUSTVO-Obnavlja-znak_page-0001.jpg\"><img decoding=\"async\" class=\"alignnone wp-image-8347 size-medium\" src=\"https:\/\/www.solskiekovrt.si\/wp-content\/uploads\/2025\/01\/Listina-DRUSTVO-Obnavlja-znak_page-0001-212x300.jpg\" alt=\"\" width=\"212\" height=\"300\" srcset=\"https:\/\/www.solskiekovrt.si\/wp-content\/uploads\/2025\/01\/Listina-DRUSTVO-Obnavlja-znak_page-0001-212x300.jpg 212w, https:\/\/www.solskiekovrt.si\/wp-content\/uploads\/2025\/01\/Listina-DRUSTVO-Obnavlja-znak_page-0001-725x1024.jpg 725w, https:\/\/www.solskiekovrt.si\/wp-content\/uploads\/2025\/01\/Listina-DRUSTVO-Obnavlja-znak_page-0001-768x1085.jpg 768w, https:\/\/www.solskiekovrt.si\/wp-content\/uploads\/2025\/01\/Listina-DRUSTVO-Obnavlja-znak_page-0001-1087x1536.jpg 1087w, https:\/\/www.solskiekovrt.si\/wp-content\/uploads\/2025\/01\/Listina-DRUSTVO-Obnavlja-znak_page-0001-8x12.jpg 8w, https:\/\/www.solskiekovrt.si\/wp-content\/uploads\/2025\/01\/Listina-DRUSTVO-Obnavlja-znak_page-0001-628x888.jpg 628w, https:\/\/www.solskiekovrt.si\/wp-content\/uploads\/2025\/01\/Listina-DRUSTVO-Obnavlja-znak_page-0001.jpg 1241w\" sizes=\"(max-width: 212px) 100vw, 212px\" \/><\/a><a href=\"https:\/\/www.solskiekovrt.si\/wp-content\/uploads\/2025\/01\/Castna-izjava-SEV_page-0001.jpg\"><img decoding=\"async\" class=\"alignnone wp-image-8352 size-medium\" src=\"https:\/\/www.solskiekovrt.si\/wp-content\/uploads\/2025\/01\/Castna-izjava-SEV_page-0001-212x300.jpg\" alt=\"\" width=\"212\" height=\"300\" srcset=\"https:\/\/www.solskiekovrt.si\/wp-content\/uploads\/2025\/01\/Castna-izjava-SEV_page-0001-212x300.jpg 212w, https:\/\/www.solskiekovrt.si\/wp-content\/uploads\/2025\/01\/Castna-izjava-SEV_page-0001-725x1024.jpg 725w, https:\/\/www.solskiekovrt.si\/wp-content\/uploads\/2025\/01\/Castna-izjava-SEV_page-0001-768x1085.jpg 768w, https:\/\/www.solskiekovrt.si\/wp-content\/uploads\/2025\/01\/Castna-izjava-SEV_page-0001-1087x1536.jpg 1087w, https:\/\/www.solskiekovrt.si\/wp-content\/uploads\/2025\/01\/Castna-izjava-SEV_page-0001-8x12.jpg 8w, https:\/\/www.solskiekovrt.si\/wp-content\/uploads\/2025\/01\/Castna-izjava-SEV_page-0001-628x888.jpg 628w, https:\/\/www.solskiekovrt.si\/wp-content\/uploads\/2025\/01\/Castna-izjava-SEV_page-0001.jpg 1241w\" sizes=\"(max-width: 212px) 100vw, 212px\" \/><\/a><\/p>\n<blockquote><p>Znak velja le, \u010de ste v \u010dasu veljavnosti znaka (t. j. tri \u0161olska leta) \u010dlani programa \u0160olski ekovrtovi. V nasprotnem primeru je znak <strong>NEVELJAVEN<\/strong>!<\/p><\/blockquote>\n<p style=\"text-align: justify;\"><div class=\"alert-info\"> <span style=\"color: #ff6600;\">Nikar se postopka in meril ne ustra\u0161ite. Vzpostavitev ekovrta gre po korakih, pri katerih vam lahko pomagamo. Le pogumno!<\/span>\u00a0<\/div><\/p>\n<p style=\"text-align: justify;\">Ugled znaka temelji na\u00a0<strong>merilih<\/strong>, ki jih na \u0161olskem ekovrtu upo\u0161tevamo:<\/p>\n<ul style=\"text-align: justify;\">\n<li><b>Kompostiranje<\/b>: organske odpadke zbiramo in jih ustrezno kompostiramo, kompost pa uporabljamo za gnojenje vrtnih rastlin.<\/li>\n<li>Uporabljamo\u00a0<b>ekolo\u0161ka semena<\/b>\u00a0ali kemi\u010dno netretirana semena, \u010de ekolo\u0161kih ni na voljo.<\/li>\n<li>Izdelan imamo osnoven na\u010drt\u00a0<b>kolobarjenja<\/b>, ki ga upo\u0161tevamo pri gojenju rastlin.<\/li>\n<li>Rastline gnojimo z\u00a0<b>organskimi gnojili<\/b>: kompostom, posevki za zeleno gnojenje, kompostiranim gnojem ipd.; izdelan imamo osnoven na\u010drt preskrbe rastlin s hranili.<\/li>\n<li>Trajnostno gospodarimo z\u00a0<b>vodo<\/b>: z njo ravnamo skrbno, padavinsko vodo po mo\u017enosti zbiramo za rabo na vrtu oziroma po potrebi, \u010de je mo\u017eno, jo \u010distimo s pomo\u010djo rastlin.<\/li>\n<li><strong>V vrtu ne uporabljamo nobenih kemi\u010dno-sinteti\u010dnih pesticidov.<\/strong><\/li>\n<li><strong>V vrtu ne uporabljamo nobenih kemi\u010dno-sinteti\u010dnih mineralnih gnojil.<\/strong><\/li>\n<li><strong>Lo\u010deno zbiramo ne le organske, temve\u010d tudi vse druge odpadke.<\/strong><\/li>\n<\/ul>\n<p><a href=\"http:\/\/www.solskiekovrt.si\/wp-content\/uploads\/2018\/12\/skupinska.jpg\"><img loading=\"lazy\" decoding=\"async\" class=\"wp-image-6763 aligncenter\" src=\"http:\/\/www.solskiekovrt.si\/wp-content\/uploads\/2018\/12\/skupinska-300x200.jpg\" alt=\"\" width=\"440\" height=\"293\" srcset=\"https:\/\/www.solskiekovrt.si\/wp-content\/uploads\/2018\/12\/skupinska-300x200.jpg 300w, https:\/\/www.solskiekovrt.si\/wp-content\/uploads\/2018\/12\/skupinska-768x512.jpg 768w, https:\/\/www.solskiekovrt.si\/wp-content\/uploads\/2018\/12\/skupinska-1024x683.jpg 1024w, https:\/\/www.solskiekovrt.si\/wp-content\/uploads\/2018\/12\/skupinska-628x419.jpg 628w, https:\/\/www.solskiekovrt.si\/wp-content\/uploads\/2018\/12\/skupinska.jpg 1500w\" sizes=\"(max-width: 440px) 100vw, 440px\" \/><\/a><\/p>\n<p style=\"text-align: center;\">Ponosni dobitniki znaka v \u0161ol. letu 2018\/2019 (19 dobitnikov).<\/p>","protected":false},"excerpt":{"rendered":"<p>&#8230; za pridobitev znaka \u0160olski ekovrt v programu \u0160olski ekovrtovi Vse \u0161ole in vrtci (= \u010dlani mre\u017ee \u0160olski ekovrtovi), ki so oz. bodo otrokom omogo\u010dili stik z \u017eivim \u0161olskim ekolo\u0161kim vrtom in zasledovali postavljena merila, (smo in) bomo odlikovali z znakom \u00bb\u0160olski ekovrt\u00ab. Tako \u0161ole in vrtci sporo\u010dajo svoje poslanstvo in trud star\u0161em, lokalni skupnosti in \u0161ir\u0161e. Skupaj pa si prizadevamo, da bodo na\u0161i <a href=\"https:\/\/www.solskiekovrt.si\/en\/pridruzi-se-2\/merila\/#more-'\" class=\"more-link\">ve\u010d \u00bb<\/a><\/p>","protected":false},"author":258,"featured_media":0,"parent":50,"menu_order":2,"comment_status":"closed","ping_status":"closed","template":"","meta":{"footnotes":""},"class_list":["post-56","page","type-page","status-publish","hentry"],"_links":{"self":[{"href":"https:\/\/www.solskiekovrt.si\/en\/wp-json\/wp\/v2\/pages\/56","targetHints":{"allow":["GET"]}}],"collection":[{"href":"https:\/\/www.solskiekovrt.si\/en\/wp-json\/wp\/v2\/pages"}],"about":[{"href":"https:\/\/www.solskiekovrt.si\/en\/wp-json\/wp\/v2\/types\/page"}],"author":[{"embeddable":true,"href":"https:\/\/www.solskiekovrt.si\/en\/wp-json\/wp\/v2\/users\/258"}],"replies":[{"embeddable":true,"href":"https:\/\/www.solskiekovrt.si\/en\/wp-json\/wp\/v2\/comments?post=56"}],"version-history":[{"count":67,"href":"https:\/\/www.solskiekovrt.si\/en\/wp-json\/wp\/v2\/pages\/56\/revisions"}],"predecessor-version":[{"id":8918,"href":"https:\/\/www.solskiekovrt.si\/en\/wp-json\/wp\/v2\/pages\/56\/revisions\/8918"}],"up":[{"embeddable":true,"href":"https:\/\/www.solskiekovrt.si\/en\/wp-json\/wp\/v2\/pages\/50"}],"wp:attachment":[{"href":"https:\/\/www.solskiekovrt.si\/en\/wp-json\/wp\/v2\/media?parent=56"}],"curies":[{"name":"wp","href":"https:\/\/api.w.org\/{rel}","templated":true}]}}