{"id":54,"date":"2013-07-23T10:43:36","date_gmt":"2013-07-23T09:43:36","guid":{"rendered":"http:\/\/www.solskiekovrt.si\/?page_id=54"},"modified":"2025-11-22T18:43:14","modified_gmt":"2025-11-22T17:43:14","slug":"prijavnica","status":"publish","type":"page","link":"https:\/\/www.solskiekovrt.si\/en\/pridruzi-se-2\/prijavnica\/","title":{"rendered":"Prijavnica"},"content":{"rendered":"<h3><span style=\"color: #99cc00;\">NOVE PRIJAVE v program \u0160olski ekovrtovi<\/span><\/h3>\n<p><a href=\"https:\/\/www.solskiekovrt.si\/wp-content\/uploads\/2025\/07\/Prijavnica-za-clanstvo-SEV-pdf.pdf\">Prijavnica za \u010dlanstvo v programu \u0160EV za \u0161ol. leto 2025\/2026<\/a> (pdf)<\/p>\n<p><a href=\"https:\/\/www.solskiekovrt.si\/wp-content\/uploads\/2025\/07\/Prijavnica-za-clanstvo-SEV-word.docx\">Prijavnica za \u010dlanstvo v programu \u0160EV za \u0161ol. leto 2025\/2026<\/a>\u00a0(word)<\/p>\n<p>Vabimo vse ustanove, ki bi \u017eelele podalj\u0161ati \u010dlanstvo oz. se vklju\u010diti v program oziroma MRE\u017dO \u0160OLSKIH EKOVRTOV, da nam po\u0161ljete izpolnjeno prijavnico.<\/p>\n<p>\u010clanarina za vzgojno izobra\u017eevalni zavod (\u0161ola, vrtec, srednja \u0161ola, dija\u0161ki dom, zavod) za eno \u0161olsko leto zna\u0161a <strong>60 EUR.<\/strong><\/p>\n<p>Program omogo\u010da <span style=\"color: #ff6600;\">ve\u010d oblik sodelovanja<\/span>:<\/p>\n<ul>\n<li>sodelovanje na <strong>izobra\u017eevanjih<\/strong>,<\/li>\n<li>izmenjava informacij in izku\u0161enj,<\/li>\n<li>dostop do <strong>literature in zanimivosti<\/strong>,<\/li>\n<li>sodelovanje v drugih dejavnostih (ekskurzije, nate\u010daji, delavnice itd.),<\/li>\n<li>mo\u017enost vpisa v <strong>aplikacijo \u0160olski ekovrtovi,<\/strong><\/li>\n<li>pridobitev <strong>znaka \u0160olski ekovrt<\/strong>.<\/li>\n<\/ul>\n<p style=\"text-align: center;\"><img fetchpriority=\"high\" decoding=\"async\" class=\"size-full wp-image-1581 aligncenter\" title=\"Pridru\u017eite se nam - skupaj smo mo\u010dnej\u0161i!\" src=\"http:\/\/www.solskiekovrt.si\/wp-content\/uploads\/2013\/07\/Sklenjen_krog_Oplotnica_PRIJAVNICA.jpg\" alt=\"Sklenjen_krog_Oplotnica_PRIJAVNICA\" width=\"448\" height=\"299\" srcset=\"https:\/\/www.solskiekovrt.si\/wp-content\/uploads\/2013\/07\/Sklenjen_krog_Oplotnica_PRIJAVNICA.jpg 448w, https:\/\/www.solskiekovrt.si\/wp-content\/uploads\/2013\/07\/Sklenjen_krog_Oplotnica_PRIJAVNICA-300x200.jpg 300w\" sizes=\"(max-width: 448px) 100vw, 448px\" \/>Pridru\u017eite se nam &#8211; skupaj smo mo\u010dnej\u0161i (foto: O\u0160 Oplotnica).<\/p>","protected":false},"excerpt":{"rendered":"<p>NOVE PRIJAVE v program \u0160olski ekovrtovi Prijavnica za \u010dlanstvo v programu \u0160EV za \u0161ol. leto 2025\/2026 (pdf) Prijavnica za \u010dlanstvo v programu \u0160EV za \u0161ol. leto 2025\/2026\u00a0(word) Vabimo vse ustanove, ki bi \u017eelele podalj\u0161ati \u010dlanstvo oz. se vklju\u010diti v program oziroma MRE\u017dO \u0160OLSKIH EKOVRTOV, da nam po\u0161ljete izpolnjeno prijavnico. \u010clanarina za vzgojno izobra\u017eevalni zavod (\u0161ola, vrtec, srednja \u0161ola, dija\u0161ki dom, zavod) za eno \u0161olsko <a href=\"https:\/\/www.solskiekovrt.si\/en\/pridruzi-se-2\/prijavnica\/#more-'\" class=\"more-link\">ve\u010d \u00bb<\/a><\/p>","protected":false},"author":258,"featured_media":0,"parent":50,"menu_order":0,"comment_status":"closed","ping_status":"closed","template":"","meta":{"footnotes":""},"class_list":["post-54","page","type-page","status-publish","hentry"],"_links":{"self":[{"href":"https:\/\/www.solskiekovrt.si\/en\/wp-json\/wp\/v2\/pages\/54","targetHints":{"allow":["GET"]}}],"collection":[{"href":"https:\/\/www.solskiekovrt.si\/en\/wp-json\/wp\/v2\/pages"}],"about":[{"href":"https:\/\/www.solskiekovrt.si\/en\/wp-json\/wp\/v2\/types\/page"}],"author":[{"embeddable":true,"href":"https:\/\/www.solskiekovrt.si\/en\/wp-json\/wp\/v2\/users\/258"}],"replies":[{"embeddable":true,"href":"https:\/\/www.solskiekovrt.si\/en\/wp-json\/wp\/v2\/comments?post=54"}],"version-history":[{"count":36,"href":"https:\/\/www.solskiekovrt.si\/en\/wp-json\/wp\/v2\/pages\/54\/revisions"}],"predecessor-version":[{"id":8889,"href":"https:\/\/www.solskiekovrt.si\/en\/wp-json\/wp\/v2\/pages\/54\/revisions\/8889"}],"up":[{"embeddable":true,"href":"https:\/\/www.solskiekovrt.si\/en\/wp-json\/wp\/v2\/pages\/50"}],"wp:attachment":[{"href":"https:\/\/www.solskiekovrt.si\/en\/wp-json\/wp\/v2\/media?parent=54"}],"curies":[{"name":"wp","href":"https:\/\/api.w.org\/{rel}","templated":true}]}}