{"id":82,"date":"2013-07-23T11:02:01","date_gmt":"2013-07-23T10:02:01","guid":{"rendered":"http:\/\/www.solskiekovrt.si\/?page_id=82"},"modified":"2014-11-12T09:40:54","modified_gmt":"2014-11-12T08:40:54","slug":"za-partnerje","status":"publish","type":"page","link":"http:\/\/www.solskiekovrt.si\/en\/o-programu\/za-partnerje\/","title":{"rendered":"Podprite nas!"},"content":{"rendered":"<p>Program \u0160olski ekovrtovi potrebuje tudi vas, da <strong>bo <\/strong>z vsemi svojimi <a href=\"http:\/\/www.solskiekovrt.si\/en\/?page_id=52\" target=\"_blank\">dejavnostmi<\/a> (nacionalni seminarji, terenske delavnice, spletne vsebine, terenski obiski permakulturne strokovnjakinje,&#8230;) <strong>\u017eivel naprej<\/strong>.<\/p>\n<p>Ne pozabite, da vas ta donacija NE STANE prav NI\u010c, saj bo pol odstotka va\u0161e dohodnine sicer pristalo v prora\u010dunu. Zato bi vas radi spodbudili, da raje podpremo dobre, trajnostne projekte, ki imajo vidne rezultate in so nam oz. na\u0161im otrokom v resni\u010dno korist!<\/p>\n<p>Na\u0161e delo lahko podprete tako, da <strong>izpolnite spodnji zahtevek za namenitev dela dohodnine<\/strong> za donacije, ga stiskate in po\u0161ljete na dav\u010dno upravo (prilepite pa tudi znamko:-)).<\/p>\n<p>Obrazec si lahko prenesete tudi <a href=\"http:\/\/www.solskiekovrt.si\/wp-content\/uploads\/2014\/11\/Dohodnina_donacija.1.pdf\" target=\"_blank\">tukaj<\/a> in ga nato po\u0161ljete na dav\u010dno upravo! Vse podrobnosti pa tudi na spletni strani <a href=\"http:\/\/www.dobrodelen.si\/\" target=\"_blank\">dobrodelen.si<\/a>.<\/p>\n<p>Hvala!<\/p>\n<h1><\/h1>\n<p><script type='text\/javascript' src='http:\/\/gradnik.dobrodelen.si\/scripts\/widget.js'><\/script><script type='text\/javascript'>addWidget(400, '1758e0212d8d7ba02271dae49fa75323');<\/script><\/p>\n<p>&nbsp;<\/p>","protected":false},"excerpt":{"rendered":"<p>Program \u0160olski ekovrtovi potrebuje tudi vas, da bo z vsemi svojimi dejavnostmi (nacionalni seminarji, terenske delavnice, spletne vsebine, terenski obiski permakulturne strokovnjakinje,&#8230;) \u017eivel naprej. Ne pozabite, da vas ta donacija NE STANE prav NI\u010c, saj bo pol odstotka va\u0161e dohodnine sicer pristalo v prora\u010dunu. Zato bi vas radi spodbudili, da raje podpremo dobre, trajnostne projekte, ki imajo vidne rezultate in so nam oz. na\u0161im <a href=\"http:\/\/www.solskiekovrt.si\/en\/o-programu\/za-partnerje\/#more-'\" class=\"more-link\">ve\u010d \u00bb<\/a><\/p>","protected":false},"author":258,"featured_media":0,"parent":9,"menu_order":0,"comment_status":"closed","ping_status":"closed","template":"","meta":{"footnotes":""},"class_list":["post-82","page","type-page","status-publish","hentry"],"_links":{"self":[{"href":"http:\/\/www.solskiekovrt.si\/en\/wp-json\/wp\/v2\/pages\/82","targetHints":{"allow":["GET"]}}],"collection":[{"href":"http:\/\/www.solskiekovrt.si\/en\/wp-json\/wp\/v2\/pages"}],"about":[{"href":"http:\/\/www.solskiekovrt.si\/en\/wp-json\/wp\/v2\/types\/page"}],"author":[{"embeddable":true,"href":"http:\/\/www.solskiekovrt.si\/en\/wp-json\/wp\/v2\/users\/258"}],"replies":[{"embeddable":true,"href":"http:\/\/www.solskiekovrt.si\/en\/wp-json\/wp\/v2\/comments?post=82"}],"version-history":[{"count":45,"href":"http:\/\/www.solskiekovrt.si\/en\/wp-json\/wp\/v2\/pages\/82\/revisions"}],"predecessor-version":[{"id":4220,"href":"http:\/\/www.solskiekovrt.si\/en\/wp-json\/wp\/v2\/pages\/82\/revisions\/4220"}],"up":[{"embeddable":true,"href":"http:\/\/www.solskiekovrt.si\/en\/wp-json\/wp\/v2\/pages\/9"}],"wp:attachment":[{"href":"http:\/\/www.solskiekovrt.si\/en\/wp-json\/wp\/v2\/media?parent=82"}],"curies":[{"name":"wp","href":"https:\/\/api.w.org\/{rel}","templated":true}]}}