{"id":80,"date":"2013-07-23T11:01:46","date_gmt":"2013-07-23T10:01:46","guid":{"rendered":"http:\/\/www.solskiekovrt.si\/?page_id=80"},"modified":"2025-11-22T18:58:46","modified_gmt":"2025-11-22T17:58:46","slug":"ekipa","status":"publish","type":"page","link":"http:\/\/www.solskiekovrt.si\/en\/o-programu\/ekipa\/","title":{"rendered":"Ekipa"},"content":{"rendered":"<p><b>DRU\u0160TVO \u0160OLSKI EKOVRTOVI, <\/b>dru\u0161tvo za uveljavljanje ekolo\u0161kih vrtov in trajnostne prehrane<\/p>\n<p><strong><span style=\"color: #99cc00;\">Pisarna:<\/span><\/strong> Trubarjeva 50, 1000 Ljubljana (Okoljski center) &#8211; <a title=\"zemljevid Okoljski center\" href=\"https:\/\/maps.google.si\/maps?q=trubarjeva+50,+1000+ljubljana&amp;hl=sl&amp;sll=46.149166,14.986011&amp;sspn=3.440266,8.453979&amp;hnear=Trubarjeva+cesta+50,+1000+Ljubljana&amp;t=m&amp;z=17\" target=\"_blank\" rel=\"noopener noreferrer\">zemljevid<\/a><\/p>\n<p><strong><span style=\"color: #99cc00;\">Telefon:<\/span><\/strong> +386 41 500 918<\/p>\n<p><strong><span style=\"color: #99cc00;\">E-naslov:<\/span><\/strong> solski.ekovrt@dsev.si, drustvo.sev@dsev.si<\/p>\n<p><strong><span style=\"color: #99cc00;\">Spletna stran:<\/span><\/strong> <a href=\"http:\/\/www.solskiekovrt.si\/en\/\" target=\"_blank\" rel=\"noopener noreferrer\">www.solskiekovrt.si<\/a><\/p>\n<p><span style=\"color: #99cc00;\"><strong><span style=\"color: #ff6600;\">Predsednica<\/span><span style=\"color: #ff6600;\">:<\/span><\/strong><\/span><\/p>\n<p><img decoding=\"async\" class=\"alignnone wp-image-4142\" src=\"http:\/\/www.solskiekovrt.si\/wp-content\/uploads\/2013\/07\/Nusa-s-hrusko-191x300.jpg\" alt=\"Nusa s hrusko\" width=\"164\" height=\"257\" srcset=\"https:\/\/www.solskiekovrt.si\/wp-content\/uploads\/2013\/07\/Nusa-s-hrusko-191x300.jpg 191w, https:\/\/www.solskiekovrt.si\/wp-content\/uploads\/2013\/07\/Nusa-s-hrusko.jpg 286w\" sizes=\"(max-width: 164px) 100vw, 164px\" \/><\/p>\n<p>dr.<strong> Anamarija Slabe<\/strong>, univ. dipl. in\u017e. kmet.<br \/>\nanamarija.slabe@dsev.si<\/p>\n<p><span style=\"color: #ff6600;\"><strong>Sodelavke:<\/strong><\/span><\/p>\n<p><strong>Tja\u0161a Vi\u010di\u010d<\/strong><br \/>\ntjasa.vicic@dsev.si<\/p>\n<p><strong>Lidija Turk<\/strong>, mag. in\u017e. hortikulture<br \/>\nsolski.ekovrt@dsev.si<\/p>\n<p><span style=\"color: #ff6600;\"><strong>Strokovna sodelavka za permakulturo:<\/strong><\/span><\/p>\n<p><img decoding=\"async\" class=\"alignnone wp-image-2984\" src=\"http:\/\/www.solskiekovrt.si\/wp-content\/uploads\/2013\/07\/jozica1.jpg\" alt=\"jozica\" width=\"170\" height=\"204\" \/><\/p>\n<p><strong>Jo\u017eica Fabjan<\/strong>, certif. permakulturna na\u010drtovalka<\/p>\n<p><strong>V spomin in zahvalo Manci Ko\u0161ir, dolgoletni ambasadorki programa \u0160EV <\/strong>&#8230; hvala, Manca!<\/p>\n<p><img decoding=\"async\" class=\"alignnone wp-image-2990\" src=\"http:\/\/www.solskiekovrt.si\/wp-content\/uploads\/2013\/07\/mancaKosir.jpg\" alt=\"mancaKosir\" width=\"161\" height=\"182\" \/><\/p>\n<p><strong>\u00a0<\/strong><\/p>","protected":false},"excerpt":{"rendered":"<p>DRU\u0160TVO \u0160OLSKI EKOVRTOVI, dru\u0161tvo za uveljavljanje ekolo\u0161kih vrtov in trajnostne prehrane Pisarna: Trubarjeva 50, 1000 Ljubljana (Okoljski center) &#8211; zemljevid Telefon: +386 41 500 918 E-naslov: solski.ekovrt@dsev.si, drustvo.sev@dsev.si Spletna stran: www.solskiekovrt.si Predsednica: dr. Anamarija Slabe, univ. dipl. in\u017e. kmet. anamarija.slabe@dsev.si Sodelavke: Tja\u0161a Vi\u010di\u010d tjasa.vicic@dsev.si Lidija Turk, mag. in\u017e. hortikulture solski.ekovrt@dsev.si Strokovna sodelavka za permakulturo: Jo\u017eica Fabjan, certif. permakulturna na\u010drtovalka V spomin in zahvalo Manci <a href=\"http:\/\/www.solskiekovrt.si\/en\/o-programu\/ekipa\/#more-'\" class=\"more-link\">ve\u010d \u00bb<\/a><\/p>","protected":false},"author":258,"featured_media":0,"parent":9,"menu_order":0,"comment_status":"closed","ping_status":"closed","template":"","meta":{"footnotes":""},"class_list":["post-80","page","type-page","status-publish","hentry"],"_links":{"self":[{"href":"http:\/\/www.solskiekovrt.si\/en\/wp-json\/wp\/v2\/pages\/80","targetHints":{"allow":["GET"]}}],"collection":[{"href":"http:\/\/www.solskiekovrt.si\/en\/wp-json\/wp\/v2\/pages"}],"about":[{"href":"http:\/\/www.solskiekovrt.si\/en\/wp-json\/wp\/v2\/types\/page"}],"author":[{"embeddable":true,"href":"http:\/\/www.solskiekovrt.si\/en\/wp-json\/wp\/v2\/users\/258"}],"replies":[{"embeddable":true,"href":"http:\/\/www.solskiekovrt.si\/en\/wp-json\/wp\/v2\/comments?post=80"}],"version-history":[{"count":69,"href":"http:\/\/www.solskiekovrt.si\/en\/wp-json\/wp\/v2\/pages\/80\/revisions"}],"predecessor-version":[{"id":8899,"href":"http:\/\/www.solskiekovrt.si\/en\/wp-json\/wp\/v2\/pages\/80\/revisions\/8899"}],"up":[{"embeddable":true,"href":"http:\/\/www.solskiekovrt.si\/en\/wp-json\/wp\/v2\/pages\/9"}],"wp:attachment":[{"href":"http:\/\/www.solskiekovrt.si\/en\/wp-json\/wp\/v2\/media?parent=80"}],"curies":[{"name":"wp","href":"https:\/\/api.w.org\/{rel}","templated":true}]}}