{"id":6266,"date":"2018-01-25T08:18:50","date_gmt":"2018-01-25T07:18:50","guid":{"rendered":"http:\/\/www.solskiekovrt.si\/?page_id=6266"},"modified":"2018-01-25T10:18:19","modified_gmt":"2018-01-25T09:18:19","slug":"jej-misli-prirocnik","status":"publish","type":"page","link":"http:\/\/www.solskiekovrt.si\/en\/publikacije\/jej-misli-prirocnik\/","title":{"rendered":"Priro\u010dnik Jej lokalno, misli globalno!"},"content":{"rendered":"<p>Priro\u010dnik <a href=\"http:\/\/www.solskiekovrt.si\/wp-content\/uploads\/2017\/11\/jej-misli-prirocnik1.pdf\" target=\"_blank\">&#8220;Jej lokalno, misli globalno!&#8221;<\/a> v obliki pdf.<\/p>\n<p>Priro\u010dnik globalnega u\u010denja za u\u010ditelje, ki je nastal v sklopu projekta EAThink2015. Priro\u010dnik je na voljo v elektronski in tiskani obliki<em>.<br \/>\n<\/em><br \/>\n<em>*Priloge dobite na spletni strani projekta <a href=\"http:\/\/eathink2015.org\/sl\/category\/lus\/\" target=\"_blank\">Eathink2015<\/a>.<\/em><\/p>\n<p><a href=\"http:\/\/www.solskiekovrt.si\/wp-content\/uploads\/2017\/11\/jej-misli-prirocnik1.pdf\" target=\"_blank\"><img fetchpriority=\"high\" decoding=\"async\" class=\"alignnone size-medium wp-image-6063\" src=\"http:\/\/www.solskiekovrt.si\/wp-content\/uploads\/2017\/10\/samo-NASLOVNICA-za-internet-217x300.jpg\" alt=\"samo NASLOVNICA za internet\" width=\"217\" height=\"300\" srcset=\"https:\/\/www.solskiekovrt.si\/wp-content\/uploads\/2017\/10\/samo-NASLOVNICA-za-internet-217x300.jpg 217w, https:\/\/www.solskiekovrt.si\/wp-content\/uploads\/2017\/10\/samo-NASLOVNICA-za-internet-741x1024.jpg 741w, https:\/\/www.solskiekovrt.si\/wp-content\/uploads\/2017\/10\/samo-NASLOVNICA-za-internet-628x867.jpg 628w\" sizes=\"(max-width: 217px) 100vw, 217px\" \/><\/a><\/p>","protected":false},"excerpt":{"rendered":"<p>Priro\u010dnik &#8220;Jej lokalno, misli globalno!&#8221; v obliki pdf. Priro\u010dnik globalnega u\u010denja za u\u010ditelje, ki je nastal v sklopu projekta EAThink2015. Priro\u010dnik je na voljo v elektronski in tiskani obliki. *Priloge dobite na spletni strani projekta Eathink2015.<\/p>","protected":false},"author":258,"featured_media":0,"parent":6069,"menu_order":0,"comment_status":"closed","ping_status":"closed","template":"","meta":{"footnotes":""},"class_list":["post-6266","page","type-page","status-publish","hentry"],"_links":{"self":[{"href":"http:\/\/www.solskiekovrt.si\/en\/wp-json\/wp\/v2\/pages\/6266","targetHints":{"allow":["GET"]}}],"collection":[{"href":"http:\/\/www.solskiekovrt.si\/en\/wp-json\/wp\/v2\/pages"}],"about":[{"href":"http:\/\/www.solskiekovrt.si\/en\/wp-json\/wp\/v2\/types\/page"}],"author":[{"embeddable":true,"href":"http:\/\/www.solskiekovrt.si\/en\/wp-json\/wp\/v2\/users\/258"}],"replies":[{"embeddable":true,"href":"http:\/\/www.solskiekovrt.si\/en\/wp-json\/wp\/v2\/comments?post=6266"}],"version-history":[{"count":8,"href":"http:\/\/www.solskiekovrt.si\/en\/wp-json\/wp\/v2\/pages\/6266\/revisions"}],"predecessor-version":[{"id":6289,"href":"http:\/\/www.solskiekovrt.si\/en\/wp-json\/wp\/v2\/pages\/6266\/revisions\/6289"}],"up":[{"embeddable":true,"href":"http:\/\/www.solskiekovrt.si\/en\/wp-json\/wp\/v2\/pages\/6069"}],"wp:attachment":[{"href":"http:\/\/www.solskiekovrt.si\/en\/wp-json\/wp\/v2\/media?parent=6266"}],"curies":[{"name":"wp","href":"https:\/\/api.w.org\/{rel}","templated":true}]}}