{"id":411,"date":"2013-08-20T08:48:30","date_gmt":"2013-08-20T07:48:30","guid":{"rendered":"http:\/\/www.solskiekovrt.si\/?page_id=411"},"modified":"2019-03-26T09:26:57","modified_gmt":"2019-03-26T08:26:57","slug":"oskrba-vrta","status":"publish","type":"page","link":"http:\/\/www.solskiekovrt.si\/en\/ucilnica\/oskrba-vrta\/","title":{"rendered":"Oskrba vrta"},"content":{"rendered":"<h4 class=\"acc_toggler\"><span>&nbsp;<\/span><a href=\"#\">Oskrba vrta<\/a><\/h4>\r\n\t<div class=\"acc_inner\"><div class=\"block\"><p>Najpomembnej\u0161i v vrtu so ljudje, v na\u0161em primeru mentor in njegovi sodelavci, <strong>na \u010disto prvem mestu pa so seveda \u2013 otroci<\/strong>.<\/p>\n<p>Vrt mora biti \u017ee v zasnovi namenjen njim. Na to mislimo \u017ee na za\u010detku in nato ves \u010das.<\/p>\n<h4>Kako to upo\u0161tevati pri na\u010drtovanju samega vrta in nato dela z njim?<\/h4>\n<ul>\n<li><strong>Koliko \u0161iroke so lahko gredice, da otroci lahko oskrbujejo rastline?<\/strong><\/li>\n<li><strong>Kje si bodo otroci po odhodu iz vrta lahko umili roke, da bomo za to izgubili \u010dim manj dragocenega \u010dasa?<\/strong><\/li>\n<li><strong>Kje bodo lahko posedeli in si kaj zapisali; je tam kaj sence, ali morda zato\u010di\u0161\u010de pred kako de\u017eno kapljo?<\/strong><\/li>\n<li><strong>Kako bomo organizirali delo, da bo vsak razred (ali skupina) lahko opazovala \u010dim ve\u010d celotnega cikla \u017eivljenja na vrtu, od priprave in setve do oskrbe in \u2013 zelo pomembno \u2013 spravila pridelkov?<\/strong><\/li>\n<\/ul>\n<p><img fetchpriority=\"high\" decoding=\"async\" class=\"size-medium wp-image-1974 aligncenter\" src=\"http:\/\/www.solskiekovrt.si\/wp-content\/uploads\/2013\/08\/OS_Cerkno_naslovna_fotka-300x168.jpg\" alt=\"OS_Cerkno_naslovna_fotka\" width=\"300\" height=\"168\" srcset=\"https:\/\/www.solskiekovrt.si\/wp-content\/uploads\/2013\/08\/OS_Cerkno_naslovna_fotka-300x168.jpg 300w, https:\/\/www.solskiekovrt.si\/wp-content\/uploads\/2013\/08\/OS_Cerkno_naslovna_fotka.jpg 448w\" sizes=\"(max-width: 300px) 100vw, 300px\" \/><br \/>\nDelo v vrtu omogo\u010da (ali celo zahteva!), da otroci med seboj \u010dim bolje sodelujejo in se dopolnjujejo. Tu je tekmovalnost manj za\u017eelena, saj na nepravem mestu lahko povzro\u010di celo \u0161kodo. V vrtu ni \u00bbsamo mojih\u00ab rastlin (\u010deprav imam seveda lahko svoje najljub\u0161e &#8230;), vse so \u00bbna\u0161e\u00ab. Da bi vrt uspeval, si moramo vsi nesebi\u010dno prizadevati, da vse poteka \u010dim bolje.<\/p>\n<p><span style=\"color: #ff9900;\"><strong>Delo v vrtu<\/strong><\/span>\u00a0seveda najprej dolo\u010da ritem narave in \u017eivljenjskih procesov, mi pa ga organiziramo tako, da otroci lahko spremljajo razvoj rastlin od semena do plodov in spoznavajo svojo vlogo pri uspevanju vrtnega ekosistema. Ni prav, da bi otroci samo okopavali in pulili plevel &#8230; omogo\u010dimo jim, da do\u017eivijo \u010dim ve\u010d delov celote. <a href=\"http:\/\/www.solskiekovrt.si\/en\/?p=1978\">Ve\u010d &#8230;<\/a><\/p>\n<p><span style=\"color: #ff9900;\"><strong>Orodja in materiali<\/strong><\/span>\u00a0naj bodo prilagojeni otrokom. \u0160e zlasti v vrtcu bomo morda potrebovali manj\u0161e kanglice za zalivanje in moti\u010dice. Poleg tega si prizadevajmo, da so uporabljeni materiali nesporni z vidika varstva okolja, pa tudi, da \u010dim ve\u010d stvari naredimo sami. Pri tem nam lahko pomagajo kolegi pri drugih predmetih, npr. pri tehni\u010dnem pouku.<\/p>\n<p><span style=\"color: #ff9900;\"><strong>Semena in sadike<\/strong><\/span>\u00a0so izjemno pomemben del ekolo\u0161kega vrtnarjenja. O tem ve\u010d v poglavju na tej strani.<\/p>\n<p><strong><span style=\"color: #ff9900;\">Kje dobimo ali kako naredimo<\/span>\u00a0<\/strong>stvari, ki jih potrebujemo v \u0161olskem ekovrtu? Vedno se najprej vpra\u0161ajmo, katere re\u0161itve so najbolj enostavne ter zahtevajo najmanj stro\u0161kov in dela. Kot re\u010deno, marsikaj lahko naredijo otroci sami pod na\u0161im vodstvom.<\/p>\n<\/div><\/div> <h4 class=\"acc_toggler\"><span>&nbsp;<\/span><a href=\"#\">O ekolo\u0161kih semenih, kako jih prepoznamo in kje dobimo<\/a><\/h4>\r\n\t<div class=\"acc_inner\"><div class=\"block\">\n<h3>O ekolo\u0161kih semenih<\/h3>\n<p>Ekolo\u0161ka semena so\u00a0<strong>vitalnega pomena<\/strong>\u00a0za obstoj vsega \u017eivega in ne\u017eivega.<\/p>\n<p>Pri uvajanju ekolo\u0161kih \u0161olskih vrtov je poleg naravnega rokovanja z zemljo\u00a0potrebna\u00a0tudi uporaba in vzgoja ekolo\u0161kih semen. V preteklih letih se je izgubila uporaba marsikaterega avtohtonega semena.<\/p>\n<p>Danes in tudi v prihodnje, je na\u0161a moralna in eti\u010dna dol\u017enost, da vse \u0161e ne popolnoma izgubljeno najdemo, uporabimo, vzgojimo in ohranimo.<\/p>\n<h4>Kako prepoznamo ekolo\u0161ka semena?<\/h4>\n<p>Vsa kupljena ekolo\u0161ka semena imajo <span style=\"color: #ff6600;\">evropski znak ekolo\u0161ke pridelave<\/span>, <span style=\"color: #ff6600;\">lahko<\/span> je tudi <span style=\"color: #ff6600;\">dodan Demeter in Biodar za\u0161\u010ditni znak<\/span>. V kolikor ne najdemo na tr\u017ei\u0161\u010du ustreznega ekolo\u0161kega semena, se oskrbimo z\u00a0<strong>nerazku\u017eenim (netretiranim)<\/strong>\u00a0semenom konvencionalnega porekla.<\/p>\n<p><strong>Ne kupujmo razku\u017eenih (tretiranih) semen!<\/strong><\/p>\n<p>Razku\u017eena (tretirana) semena <span style=\"text-decoration: underline;\">spoznamo po nenaravni barvi semen<\/span> (obi\u010dajno v ro\u017enati in lila barvi). Ta semena so neu\u017eitna za \u010dloveka in \u017eivali, ravno tako pa s setvijo onesna\u017eijo zemljo.<\/p>\n<p>Preden kupimo seme je potrebno pregledati deklaracije, ki so napisane na ovojnini (vre\u010dkah, \u0161katlah&#8230;), v katerih so shranjena semena.<\/p>\n<p>V slovenskem prostoru so ljudje, ki ljubijo svojo zemljo, ki se zavedajo pomena zdrave pridelave hrane; ljudje, ki ohranjajo avtohtone rastline in ljudje, ki zbirajo in ohranjajo naravna ekolo\u0161ka semena. <strong>Dobro se je z njimi povezati, kajti ti ljudje imajo poleg ekolo\u0161kih avtohtonih semen tudi veliko znanja o pridelavi in ohranjanju semen.<\/strong> Pri tem imajo vzgojno izobra\u017eevalne ustanove (vrtci, osnovne, srednje, vi\u0161je in visoke \u0161ole) neprecenljivo poslanstvo. Nujno je prikazati mladim generacijam pomen semen in raznolikost rastlinstva v na\u0161em prostoru, pa najsi bo z zbiranjem semen, ohranjanjem raznolikosti in pestrosti prostora, pridelavo zdrave hrane in \u0161e kaj.<\/p>\n<p>V u\u010dnih na\u010drtih slovenskih \u0161ol naj pridobitev oz. lastna pridelava ekolo\u0161kih semen postane prednostna naloga.<\/p>\n<h4>Kje dobimo ekolo\u0161ka semena in sadike?<\/h4>\n<p>Prodajajo jih verificirana podjetja z ekolo\u0161kimi semeni.\u00a0Svetujemo pa vam, da se pozanimate na ekolo\u0161kih kmetijah v va\u0161i bli\u017eini.<\/p>\n<p><img decoding=\"async\" class=\"alignnone size-medium wp-image-3035\" src=\"http:\/\/www.solskiekovrt.si\/wp-content\/uploads\/2013\/08\/Ekosemena-300x223.jpg\" alt=\"Ekosemena\" width=\"300\" height=\"223\" srcset=\"https:\/\/www.solskiekovrt.si\/wp-content\/uploads\/2013\/08\/Ekosemena-300x223.jpg 300w, https:\/\/www.solskiekovrt.si\/wp-content\/uploads\/2013\/08\/Ekosemena-130x98.jpg 130w, https:\/\/www.solskiekovrt.si\/wp-content\/uploads\/2013\/08\/Ekosemena-270x200.jpg 270w, https:\/\/www.solskiekovrt.si\/wp-content\/uploads\/2013\/08\/Ekosemena-628x467.jpg 628w, https:\/\/www.solskiekovrt.si\/wp-content\/uploads\/2013\/08\/Ekosemena.jpg 787w\" sizes=\"(max-width: 300px) 100vw, 300px\" \/><\/p>\n<p>Dobavitelje eko semen lahko najdete tudi na spletni strani\u00a0<a href=\"http:\/\/www.mko.gov.si\/si\/delovna_podrocja\/kmetijstvo\/ekolosko_kmetovanje\/podatkovna_zbirka_ekoloskega_semena_semenskega_krompirja_in_vegetativnega_razmnozevalnega_materiala\/\" target=\"_blank\" rel=\"noopener\">Ministrstva za kmetijstvo in okolje, v Podatkovni zbirki<\/a>.<\/p>\n<p>Na In\u0161titutu za trajnostni razvoj smo se za namen zagotavljanja sadilnega materiala za \u0161ole in vrtce v programu \u0160olski ekovrtovi povezali z ekolo\u0161kimi kmetijami. Seznam najdete tukaj (<a href=\"http:\/\/www.solskiekovrt.si\/wp-content\/uploads\/2014\/06\/Ekokmetije-za-mentorje.xls\">Ekokmetije za mentorje<\/a>).<\/p>\n<p>&nbsp;<\/p>\n<\/div><\/div><\/p>","protected":false},"excerpt":{"rendered":"","protected":false},"author":258,"featured_media":0,"parent":13,"menu_order":0,"comment_status":"closed","ping_status":"closed","template":"","meta":{"footnotes":""},"class_list":["post-411","page","type-page","status-publish","hentry"],"_links":{"self":[{"href":"http:\/\/www.solskiekovrt.si\/en\/wp-json\/wp\/v2\/pages\/411","targetHints":{"allow":["GET"]}}],"collection":[{"href":"http:\/\/www.solskiekovrt.si\/en\/wp-json\/wp\/v2\/pages"}],"about":[{"href":"http:\/\/www.solskiekovrt.si\/en\/wp-json\/wp\/v2\/types\/page"}],"author":[{"embeddable":true,"href":"http:\/\/www.solskiekovrt.si\/en\/wp-json\/wp\/v2\/users\/258"}],"replies":[{"embeddable":true,"href":"http:\/\/www.solskiekovrt.si\/en\/wp-json\/wp\/v2\/comments?post=411"}],"version-history":[{"count":37,"href":"http:\/\/www.solskiekovrt.si\/en\/wp-json\/wp\/v2\/pages\/411\/revisions"}],"predecessor-version":[{"id":6888,"href":"http:\/\/www.solskiekovrt.si\/en\/wp-json\/wp\/v2\/pages\/411\/revisions\/6888"}],"up":[{"embeddable":true,"href":"http:\/\/www.solskiekovrt.si\/en\/wp-json\/wp\/v2\/pages\/13"}],"wp:attachment":[{"href":"http:\/\/www.solskiekovrt.si\/en\/wp-json\/wp\/v2\/media?parent=411"}],"curies":[{"name":"wp","href":"https:\/\/api.w.org\/{rel}","templated":true}]}}